{"id":62925,"date":"2022-10-21T09:52:49","date_gmt":"2022-10-21T08:52:49","guid":{"rendered":"https:\/\/riteliteportablelighting.co.uk\/brochure-dentreprise\/"},"modified":"2026-03-02T10:58:36","modified_gmt":"2026-03-02T10:58:36","slug":"brochure-dentreprise","status":"publish","type":"page","link":"https:\/\/riteliteportablelighting.co.uk\/fr\/brochure-dentreprise\/","title":{"rendered":"Brochure d&rsquo;entreprise"},"content":{"rendered":"<p><div class=\"fusion-fullwidth fullwidth-box fusion-builder-row-1 fusion-flex-container has-pattern-background has-mask-background fusion-parallax-none nonhundred-percent-fullwidth non-hundred-percent-height-scrolling\" style=\"--awb-background-position:center bottom;--awb-border-radius-top-left:0px;--awb-border-radius-top-right:0px;--awb-border-radius-bottom-right:0px;--awb-border-radius-bottom-left:0px;--awb-min-height:340px;--awb-background-image:url(&quot;https:\/\/riteliteportablelighting.co.uk\/wp-content\/uploads\/2022\/10\/about-bg2.jpg&quot;);--awb-background-size:cover;--awb-flex-wrap:wrap;\" id=\"product-hero\" ><div class=\"fusion-builder-row fusion-row fusion-flex-align-items-center fusion-flex-align-content-center fusion-flex-justify-content-center fusion-flex-content-wrap\" style=\"max-width:1144px;margin-left: calc(-4% \/ 2 );margin-right: calc(-4% \/ 2 );\"><div class=\"fusion-layout-column fusion_builder_column fusion-builder-column-0 fusion_builder_column_1_1 1_1 fusion-flex-column fusion-flex-align-self-center\" style=\"--awb-bg-size:cover;--awb-width-large:100%;--awb-margin-top-large:0px;--awb-spacing-right-large:1.92%;--awb-margin-bottom-large:0px;--awb-spacing-left-large:1.92%;--awb-width-medium:100%;--awb-order-medium:0;--awb-spacing-right-medium:1.92%;--awb-spacing-left-medium:1.92%;--awb-width-small:100%;--awb-order-small:0;--awb-spacing-right-small:1.92%;--awb-spacing-left-small:1.92%;\"><div class=\"fusion-column-wrapper fusion-column-has-shadow fusion-flex-justify-content-center fusion-content-layout-column\"><div class=\"fusion-text fusion-text-1\" style=\"--awb-font-size:58px;--awb-text-color:#ffffff;\"><h2 style=\"text-align: center;\">Ritelite (Systems) Ltd<\/h2>\n<\/div><div class=\"fusion-title title fusion-title-1 fusion-sep-none fusion-title-center fusion-title-text fusion-title-size-one\" style=\"--awb-margin-top-small:0px;--awb-margin-right-small:0px;--awb-margin-bottom-small:20px;--awb-margin-left-small:0px;\"><h1 class=\"fusion-title-heading title-heading-center\" style=\"margin:0;\">Brochure D&rsquo;entreprise<\/h1><\/div><\/div><\/div><\/div><\/div><div class=\"fusion-fullwidth fullwidth-box fusion-builder-row-2 fusion-flex-container has-pattern-background has-mask-background hundred-percent-fullwidth non-hundred-percent-height-scrolling\" style=\"--awb-border-radius-top-left:0px;--awb-border-radius-top-right:0px;--awb-border-radius-bottom-right:0px;--awb-border-radius-bottom-left:0px;--awb-padding-top:30px;--awb-padding-bottom:30px;--awb-min-height:700px;--awb-background-color:#e5e5e5;--awb-flex-wrap:wrap;\" ><div class=\"fusion-builder-row fusion-row fusion-flex-align-items-flex-start fusion-flex-content-wrap\" style=\"width:104% !important;max-width:104% !important;margin-left: calc(-4% \/ 2 );margin-right: calc(-4% \/ 2 );\"><div class=\"fusion-layout-column fusion_builder_column fusion-builder-column-1 fusion_builder_column_1_1 1_1 fusion-flex-column\" style=\"--awb-bg-size:cover;--awb-width-large:100%;--awb-margin-top-large:0px;--awb-spacing-right-large:1.92%;--awb-margin-bottom-large:0px;--awb-spacing-left-large:1.92%;--awb-width-medium:100%;--awb-spacing-right-medium:1.92%;--awb-spacing-left-medium:1.92%;--awb-width-small:100%;--awb-spacing-right-small:1.92%;--awb-spacing-left-small:1.92%;\"><div class=\"fusion-column-wrapper fusion-flex-justify-content-flex-start fusion-content-layout-column\"><div class=\"_3d-flip-book  fb3d-fullscreen-mode full-size\" data-id=\"60525\" data-mode=\"fullscreen\" data-title=\"false\" data-template=\"short-white-book-view\" data-lightbox=\"dark-shadow\" data-urlparam=\"fb3d-page\" data-page-n=\"0\" data-pdf=\"\" data-tax=\"null\" data-thumbnail=\"\" data-cols=\"3\" data-book-template=\"default\" data-trigger=\"\"><\/div><script type=\"text\/javascript\">window.FB3D_CLIENT_DATA = window.FB3D_CLIENT_DATA || [];FB3D_CLIENT_DATA.push('eyJwb3N0cyI6eyI2MDUyNSI6eyJJRCI6NjA1MjUsInRpdGxlIjoiQ29ycG9yYXRlIEJyb2NodXJlIiwidHlwZSI6InBkZiIsInJlYWR5X2Z1bmN0aW9uIjoiIiwiYm9va19zdHlsZSI6ImZsYXQiLCJib29rX3RlbXBsYXRlIjoibm9uZSIsIm91dGxpbmUiOltdLCJkYXRhIjp7InBvc3RfSUQiOiI2MDUyNiIsImd1aWQiOiJodHRwczpcL1wvcml0ZWxpdGVwb3J0YWJsZWxpZ2h0aW5nLmNvLnVrXC93cC1jb250ZW50XC91cGxvYWRzXC8yMDIyXC8xMFwvUml0ZWxpdGUtQ29ycG9yYXRlLUJyb2NodXJlLTEucGRmIiwicGRmX3BhZ2VzIjoiMTgiLCJwYWdlc19jdXN0b21pemF0aW9uIjoibm9uZSJ9LCJ0aHVtYm5haWwiOnsiZGF0YSI6eyJwb3N0X0lEIjoiMCJ9LCJ0eXBlIjoiYXV0byJ9LCJwcm9wcyI6eyJiYWNrZ3JvdW5kQ29sb3IiOiJhdXRvIiwiYmFja2dyb3VuZEltYWdlIjoiYXV0byIsImJhY2tncm91bmRTdHlsZSI6ImF1dG8iLCJoaWdobGlnaHRMaW5rcyI6ImF1dG8iLCJsaWdodGluZyI6ImF1dG8iLCJjYWNoZWRQYWdlcyI6ImF1dG8iLCJyZW5kZXJJbmFjdGl2ZVBhZ2VzIjoiYXV0byIsInJlbmRlckluYWN0aXZlUGFnZXNPbk1vYmlsZSI6ImF1dG8iLCJyZW5kZXJXaGlsZUZsaXBwaW5nIjoiYXV0byIsInByZWxvYWRQYWdlcyI6ImF1dG8iLCJhdXRvUGxheUR1cmF0aW9uIjoiYXV0byIsInJ0bCI6ImF1dG8iLCJpbnRlcmFjdGl2ZUNvcm5lcnMiOiJhdXRvIiwibWF4RGVwdGgiOiJhdXRvIiwic2hlZXQiOnsic3RhcnRWZWxvY2l0eSI6ImF1dG8iLCJ3YXZlIjoiYXV0byIsInNoYXBlIjoiYXV0byIsIndpZHRoVGV4ZWxzIjoiYXV0byIsImNvbG9yIjoiYXV0byIsInNpZGUiOiJhdXRvIiwiY29ybmVyRGV2aWF0aW9uIjoiYXV0byIsImZsZXhpYmlsaXR5IjoiYXV0byIsImZsZXhpYmxlQ29ybmVyIjoiYXV0byIsImJlbmRpbmciOiJhdXRvIiwiaGVpZ2h0VGV4ZWxzIjoiYXV0byJ9LCJjb3ZlciI6eyJ3YXZlIjoiYXV0byIsImNvbG9yIjoiYXV0byIsImJpbmRlclRleHR1cmUiOiJhdXRvIiwiZGVwdGgiOiJhdXRvIiwicGFkZGluZyI6ImF1dG8iLCJzdGFydFZlbG9jaXR5IjoiYXV0byIsImZsZXhpYmlsaXR5IjoiYXV0byIsImZsZXhpYmxlQ29ybmVyIjoiYXV0byIsImJlbmRpbmciOiJhdXRvIiwid2lkdGhUZXhlbHMiOiJhdXRvIiwiaGVpZ2h0VGV4ZWxzIjoiYXV0byIsIm1hc3MiOiJhdXRvIiwic2lkZSI6ImF1dG8iLCJzaGFwZSI6ImF1dG8ifSwicGFnZSI6eyJ3YXZlIjoiYXV0byIsImNvbG9yIjoiYXV0byIsImRlcHRoIjoiYXV0byIsInN0YXJ0VmVsb2NpdHkiOiJhdXRvIiwiZmxleGliaWxpdHkiOiJhdXRvIiwiZmxleGlibGVDb3JuZXIiOiJhdXRvIiwiYmVuZGluZyI6ImF1dG8iLCJ3aWR0aFRleGVscyI6ImF1dG8iLCJoZWlnaHRUZXhlbHMiOiJhdXRvIiwibWFzcyI6ImF1dG8iLCJzaWRlIjoiYXV0byIsInNoYXBlIjoiYXV0byJ9LCJoZWlnaHQiOiJhdXRvIiwid2lkdGgiOiJhdXRvIiwiZ3Jhdml0eSI6ImF1dG8iLCJwYWdlc0ZvclByZWRpY3RpbmciOiJhdXRvIn0sImNvbnRyb2xQcm9wcyI6eyJhY3Rpb25zIjp7ImNtZFRvYyI6eyJlbmFibGVkIjoiYXV0byIsImVuYWJsZWRJbk5hcnJvdyI6ImF1dG8iLCJhY3RpdmUiOiJhdXRvIiwiZGVmYXVsdFRhYiI6ImF1dG8ifSwiY21kQXV0b1BsYXkiOnsiZW5hYmxlZCI6ImF1dG8iLCJlbmFibGVkSW5OYXJyb3ciOiJhdXRvIiwiYWN0aXZlIjoiYXV0byJ9LCJjbWRTYXZlIjp7ImVuYWJsZWQiOiJhdXRvIiwiZW5hYmxlZEluTmFycm93IjoiYXV0byJ9LCJjbWRQcmludCI6eyJlbmFibGVkIjoiYXV0byIsImVuYWJsZWRJbk5hcnJvdyI6ImF1dG8ifSwiY21kU2luZ2xlUGFnZSI6eyJlbmFibGVkIjoiYXV0byIsImVuYWJsZWRJbk5hcnJvdyI6ImF1dG8iLCJhY3RpdmUiOiJhdXRvIiwiYWN0aXZlRm9yTW9iaWxlIjoiYXV0byJ9LCJ3aWRUb29sYmFyIjp7ImVuYWJsZWQiOiJhdXRvIiwiZW5hYmxlZEluTmFycm93IjoiYXV0byJ9fX0sImF1dG9UaHVtYm5haWwiOiJodHRwczpcL1wvcml0ZWxpdGVwb3J0YWJsZWxpZ2h0aW5nLmNvLnVrXC93cC1jb250ZW50XC91cGxvYWRzXC8zZC1mbGlwLWJvb2tcL2F1dG8tdGh1bWJuYWlsc1wvNjA1MjUucG5nIiwicG9zdF9uYW1lIjoiY29ycG9yYXRlLWJyb2NodXJlIiwicG9zdF90eXBlIjoiM2QtZmxpcC1ib29rIn19LCJwYWdlcyI6W10sImZpcnN0UGFnZXMiOltdfQ==');window.FB3D_CLIENT_LOCALE && FB3D_CLIENT_LOCALE.render && FB3D_CLIENT_LOCALE.render();<\/script><\/div><\/div><\/div><\/div><\/p>\n","protected":false},"excerpt":{"rendered":"","protected":false},"author":18,"featured_media":0,"parent":0,"menu_order":0,"comment_status":"closed","ping_status":"closed","template":"100-width.php","meta":{"footnotes":""},"class_list":["post-62925","page","type-page","status-publish","hentry"],"yoast_head":"<!-- This site is optimized with the Yoast SEO plugin v27.3 - https:\/\/yoast.com\/product\/yoast-seo-wordpress\/ -->\n<title>Brochure d&#039;entreprise - Ritelite Portable Lighting<\/title>\n<meta name=\"description\" content=\"D\u00e9couvrez les derni\u00e8res nouveaut\u00e9s de notre nouvelle brochure d&#039;entreprise\" \/>\n<meta name=\"robots\" content=\"index, follow, max-snippet:-1, max-image-preview:large, max-video-preview:-1\" \/>\n<link rel=\"canonical\" href=\"https:\/\/riteliteportablelighting.co.uk\/fr\/brochure-dentreprise\/\" \/>\n<meta property=\"og:locale\" content=\"fr_FR\" \/>\n<meta property=\"og:type\" content=\"article\" \/>\n<meta property=\"og:title\" content=\"Brochure d&#039;entreprise - Ritelite Portable Lighting\" \/>\n<meta property=\"og:description\" content=\"D\u00e9couvrez les derni\u00e8res nouveaut\u00e9s de notre nouvelle brochure d&#039;entreprise\" \/>\n<meta property=\"og:url\" content=\"https:\/\/riteliteportablelighting.co.uk\/fr\/brochure-dentreprise\/\" \/>\n<meta property=\"og:site_name\" content=\"Ritelite Portable Lighting\" \/>\n<meta property=\"article:publisher\" content=\"https:\/\/www.facebook.com\/ritelitesystems\/\" \/>\n<meta property=\"article:modified_time\" content=\"2026-03-02T10:58:36+00:00\" \/>\n<meta property=\"og:image\" content=\"https:\/\/riteliteportablelighting.co.uk\/wp-content\/uploads\/2019\/04\/RPL-Logo-Black-300px.png\" \/>\n\t<meta property=\"og:image:width\" content=\"300\" \/>\n\t<meta property=\"og:image:height\" content=\"76\" \/>\n\t<meta property=\"og:image:type\" content=\"image\/png\" \/>\n<meta name=\"twitter:card\" content=\"summary_large_image\" \/>\n<meta name=\"twitter:site\" content=\"@Ritelitesystems\" \/>\n<meta name=\"twitter:label1\" content=\"Dur\u00e9e de lecture estim\u00e9e\" \/>\n\t<meta name=\"twitter:data1\" content=\"8 minutes\" \/>\n<script type=\"application\/ld+json\" class=\"yoast-schema-graph\">{\"@context\":\"https:\\\/\\\/schema.org\",\"@graph\":[{\"@type\":\"WebPage\",\"@id\":\"https:\\\/\\\/riteliteportablelighting.co.uk\\\/fr\\\/brochure-dentreprise\\\/\",\"url\":\"https:\\\/\\\/riteliteportablelighting.co.uk\\\/fr\\\/brochure-dentreprise\\\/\",\"name\":\"Brochure d'entreprise - Ritelite Portable Lighting\",\"isPartOf\":{\"@id\":\"https:\\\/\\\/riteliteportablelighting.co.uk\\\/fr\\\/#website\"},\"datePublished\":\"2022-10-21T08:52:49+00:00\",\"dateModified\":\"2026-03-02T10:58:36+00:00\",\"description\":\"D\u00e9couvrez les derni\u00e8res nouveaut\u00e9s de notre nouvelle brochure d'entreprise\",\"breadcrumb\":{\"@id\":\"https:\\\/\\\/riteliteportablelighting.co.uk\\\/fr\\\/brochure-dentreprise\\\/#breadcrumb\"},\"inLanguage\":\"fr-FR\",\"potentialAction\":[{\"@type\":\"ReadAction\",\"target\":[\"https:\\\/\\\/riteliteportablelighting.co.uk\\\/fr\\\/brochure-dentreprise\\\/\"]}]},{\"@type\":\"BreadcrumbList\",\"@id\":\"https:\\\/\\\/riteliteportablelighting.co.uk\\\/fr\\\/brochure-dentreprise\\\/#breadcrumb\",\"itemListElement\":[{\"@type\":\"ListItem\",\"position\":1,\"name\":\"Home\",\"item\":\"https:\\\/\\\/riteliteportablelighting.co.uk\\\/fr\\\/\"},{\"@type\":\"ListItem\",\"position\":2,\"name\":\"Brochure d&#8217;entreprise\"}]},{\"@type\":\"WebSite\",\"@id\":\"https:\\\/\\\/riteliteportablelighting.co.uk\\\/fr\\\/#website\",\"url\":\"https:\\\/\\\/riteliteportablelighting.co.uk\\\/fr\\\/\",\"name\":\"Ritelite Portable Lighting\",\"description\":\"\",\"publisher\":{\"@id\":\"https:\\\/\\\/riteliteportablelighting.co.uk\\\/fr\\\/#organization\"},\"potentialAction\":[{\"@type\":\"SearchAction\",\"target\":{\"@type\":\"EntryPoint\",\"urlTemplate\":\"https:\\\/\\\/riteliteportablelighting.co.uk\\\/fr\\\/?s={search_term_string}\"},\"query-input\":{\"@type\":\"PropertyValueSpecification\",\"valueRequired\":true,\"valueName\":\"search_term_string\"}}],\"inLanguage\":\"fr-FR\"},{\"@type\":\"Organization\",\"@id\":\"https:\\\/\\\/riteliteportablelighting.co.uk\\\/fr\\\/#organization\",\"name\":\"Ritelite Portable Lighting\",\"url\":\"https:\\\/\\\/riteliteportablelighting.co.uk\\\/fr\\\/\",\"logo\":{\"@type\":\"ImageObject\",\"inLanguage\":\"fr-FR\",\"@id\":\"https:\\\/\\\/riteliteportablelighting.co.uk\\\/fr\\\/#\\\/schema\\\/logo\\\/image\\\/\",\"url\":\"https:\\\/\\\/riteliteportablelighting.co.uk\\\/wp-content\\\/uploads\\\/2019\\\/04\\\/RPL-Logo-Black-400px.png\",\"contentUrl\":\"https:\\\/\\\/riteliteportablelighting.co.uk\\\/wp-content\\\/uploads\\\/2019\\\/04\\\/RPL-Logo-Black-400px.png\",\"width\":400,\"height\":101,\"caption\":\"Ritelite Portable Lighting\"},\"image\":{\"@id\":\"https:\\\/\\\/riteliteportablelighting.co.uk\\\/fr\\\/#\\\/schema\\\/logo\\\/image\\\/\"},\"sameAs\":[\"https:\\\/\\\/www.facebook.com\\\/ritelitesystems\\\/\",\"https:\\\/\\\/x.com\\\/Ritelitesystems\",\"https:\\\/\\\/www.youtube.com\\\/user\\\/RiteliteSystems\"]}]}<\/script>\n<!-- \/ Yoast SEO plugin. -->","yoast_head_json":{"title":"Brochure d'entreprise - Ritelite Portable Lighting","description":"D\u00e9couvrez les derni\u00e8res nouveaut\u00e9s de notre nouvelle brochure d'entreprise","robots":{"index":"index","follow":"follow","max-snippet":"max-snippet:-1","max-image-preview":"max-image-preview:large","max-video-preview":"max-video-preview:-1"},"canonical":"https:\/\/riteliteportablelighting.co.uk\/fr\/brochure-dentreprise\/","og_locale":"fr_FR","og_type":"article","og_title":"Brochure d'entreprise - Ritelite Portable Lighting","og_description":"D\u00e9couvrez les derni\u00e8res nouveaut\u00e9s de notre nouvelle brochure d'entreprise","og_url":"https:\/\/riteliteportablelighting.co.uk\/fr\/brochure-dentreprise\/","og_site_name":"Ritelite Portable Lighting","article_publisher":"https:\/\/www.facebook.com\/ritelitesystems\/","article_modified_time":"2026-03-02T10:58:36+00:00","og_image":[{"width":300,"height":76,"url":"https:\/\/riteliteportablelighting.co.uk\/wp-content\/uploads\/2019\/04\/RPL-Logo-Black-300px.png","type":"image\/png"}],"twitter_card":"summary_large_image","twitter_site":"@Ritelitesystems","twitter_misc":{"Dur\u00e9e de lecture estim\u00e9e":"8 minutes"},"schema":{"@context":"https:\/\/schema.org","@graph":[{"@type":"WebPage","@id":"https:\/\/riteliteportablelighting.co.uk\/fr\/brochure-dentreprise\/","url":"https:\/\/riteliteportablelighting.co.uk\/fr\/brochure-dentreprise\/","name":"Brochure d'entreprise - Ritelite Portable Lighting","isPartOf":{"@id":"https:\/\/riteliteportablelighting.co.uk\/fr\/#website"},"datePublished":"2022-10-21T08:52:49+00:00","dateModified":"2026-03-02T10:58:36+00:00","description":"D\u00e9couvrez les derni\u00e8res nouveaut\u00e9s de notre nouvelle brochure d'entreprise","breadcrumb":{"@id":"https:\/\/riteliteportablelighting.co.uk\/fr\/brochure-dentreprise\/#breadcrumb"},"inLanguage":"fr-FR","potentialAction":[{"@type":"ReadAction","target":["https:\/\/riteliteportablelighting.co.uk\/fr\/brochure-dentreprise\/"]}]},{"@type":"BreadcrumbList","@id":"https:\/\/riteliteportablelighting.co.uk\/fr\/brochure-dentreprise\/#breadcrumb","itemListElement":[{"@type":"ListItem","position":1,"name":"Home","item":"https:\/\/riteliteportablelighting.co.uk\/fr\/"},{"@type":"ListItem","position":2,"name":"Brochure d&#8217;entreprise"}]},{"@type":"WebSite","@id":"https:\/\/riteliteportablelighting.co.uk\/fr\/#website","url":"https:\/\/riteliteportablelighting.co.uk\/fr\/","name":"Ritelite Portable Lighting","description":"","publisher":{"@id":"https:\/\/riteliteportablelighting.co.uk\/fr\/#organization"},"potentialAction":[{"@type":"SearchAction","target":{"@type":"EntryPoint","urlTemplate":"https:\/\/riteliteportablelighting.co.uk\/fr\/?s={search_term_string}"},"query-input":{"@type":"PropertyValueSpecification","valueRequired":true,"valueName":"search_term_string"}}],"inLanguage":"fr-FR"},{"@type":"Organization","@id":"https:\/\/riteliteportablelighting.co.uk\/fr\/#organization","name":"Ritelite Portable Lighting","url":"https:\/\/riteliteportablelighting.co.uk\/fr\/","logo":{"@type":"ImageObject","inLanguage":"fr-FR","@id":"https:\/\/riteliteportablelighting.co.uk\/fr\/#\/schema\/logo\/image\/","url":"https:\/\/riteliteportablelighting.co.uk\/wp-content\/uploads\/2019\/04\/RPL-Logo-Black-400px.png","contentUrl":"https:\/\/riteliteportablelighting.co.uk\/wp-content\/uploads\/2019\/04\/RPL-Logo-Black-400px.png","width":400,"height":101,"caption":"Ritelite Portable Lighting"},"image":{"@id":"https:\/\/riteliteportablelighting.co.uk\/fr\/#\/schema\/logo\/image\/"},"sameAs":["https:\/\/www.facebook.com\/ritelitesystems\/","https:\/\/x.com\/Ritelitesystems","https:\/\/www.youtube.com\/user\/RiteliteSystems"]}]}},"_links":{"self":[{"href":"https:\/\/riteliteportablelighting.co.uk\/fr\/wp-json\/wp\/v2\/pages\/62925","targetHints":{"allow":["GET"]}}],"collection":[{"href":"https:\/\/riteliteportablelighting.co.uk\/fr\/wp-json\/wp\/v2\/pages"}],"about":[{"href":"https:\/\/riteliteportablelighting.co.uk\/fr\/wp-json\/wp\/v2\/types\/page"}],"author":[{"embeddable":true,"href":"https:\/\/riteliteportablelighting.co.uk\/fr\/wp-json\/wp\/v2\/users\/18"}],"replies":[{"embeddable":true,"href":"https:\/\/riteliteportablelighting.co.uk\/fr\/wp-json\/wp\/v2\/comments?post=62925"}],"version-history":[{"count":2,"href":"https:\/\/riteliteportablelighting.co.uk\/fr\/wp-json\/wp\/v2\/pages\/62925\/revisions"}],"predecessor-version":[{"id":175211,"href":"https:\/\/riteliteportablelighting.co.uk\/fr\/wp-json\/wp\/v2\/pages\/62925\/revisions\/175211"}],"wp:attachment":[{"href":"https:\/\/riteliteportablelighting.co.uk\/fr\/wp-json\/wp\/v2\/media?parent=62925"}],"curies":[{"name":"wp","href":"https:\/\/api.w.org\/{rel}","templated":true}]}}