{"id":48097,"date":"2022-03-24T12:43:14","date_gmt":"2022-03-24T12:43:14","guid":{"rendered":"https:\/\/riteliteportablelighting.co.uk\/declaration-sur-la-politique-de-qualite\/"},"modified":"2026-03-02T10:56:59","modified_gmt":"2026-03-02T10:56:59","slug":"declaration-sur-la-politique-de-qualite","status":"publish","type":"page","link":"https:\/\/riteliteportablelighting.co.uk\/fr\/declaration-sur-la-politique-de-qualite\/","title":{"rendered":"D\u00e9claration sur la politique de qualit\u00e9"},"content":{"rendered":"<div class=\"fusion-fullwidth fullwidth-box fusion-builder-row-1 fusion-flex-container nonhundred-percent-fullwidth non-hundred-percent-height-scrolling\" style=\"--awb-border-radius-top-left:0px;--awb-border-radius-top-right:0px;--awb-border-radius-bottom-right:0px;--awb-border-radius-bottom-left:0px;--awb-padding-right:10%;--awb-padding-left:10%;--awb-flex-wrap:wrap;\" ><div class=\"fusion-builder-row fusion-row fusion-flex-align-items-flex-start fusion-flex-content-wrap\" style=\"max-width:1144px;margin-left: calc(-4% \/ 2 );margin-right: calc(-4% \/ 2 );\"><div class=\"fusion-layout-column fusion_builder_column fusion-builder-column-0 fusion_builder_column_1_1 1_1 fusion-flex-column\" style=\"--awb-bg-size:cover;--awb-width-large:100%;--awb-margin-top-large:0px;--awb-spacing-right-large:1.92%;--awb-margin-bottom-large:0px;--awb-spacing-left-large:1.92%;--awb-width-medium:100%;--awb-spacing-right-medium:1.92%;--awb-spacing-left-medium:1.92%;--awb-width-small:100%;--awb-spacing-right-small:1.92%;--awb-spacing-left-small:1.92%;\"><div class=\"fusion-column-wrapper fusion-flex-justify-content-flex-start fusion-content-layout-column\"><div class=\"fusion-text fusion-text-1\" style=\"--awb-text-transform:none;\"><h3>D\u00e9claration sur la politique de qualit\u00e9<\/h3>\n<p>La politique de notre entreprise est de fournir \u00e0 nos clients des normes \u00e9lev\u00e9es de qualit\u00e9 et de service au meilleur prix.<\/p>\n<p>Notre objectif est de donner \u00e0 nos clients l&rsquo;assurance que tout ce que nous promettons de faire sera fait avec pr\u00e9cision et efficacit\u00e9 et r\u00e9pondra pleinement aux exigences r\u00e9glementaires.<\/p>\n<p>Pour atteindre cet objectif, nous avons mis au point un syst\u00e8me de pratiques de qualit\u00e9 que tous les employ\u00e9s de l&rsquo;entreprise maintiendront et am\u00e9lioreront afin d&rsquo;accro\u00eetre nos performances.<\/p>\n<p>Nous pensons qu&rsquo;il est de notre devoir de communiquer et de comprendre les exigences de nos clients et de les conseiller, si n\u00e9cessaire, sur la mani\u00e8re la plus raisonnable et la plus rentable de r\u00e9aliser les travaux ou la fourniture d&rsquo;\u00e9quipements que nous entreprenons pour eux.<\/p>\n<p>Notre performance en tant qu&rsquo;entreprise d\u00e9pend de normes \u00e9lev\u00e9es en mati\u00e8re de service \u00e0 la client\u00e8le et sera mesur\u00e9e et analys\u00e9e en liaison avec les commentaires des clients. Des mesures seront prises en permanence pour am\u00e9liorer les performances de l&rsquo;entreprise en fixant des objectifs et en les r\u00e9visant.<\/p>\n<p>Nous reconnaissons que pour atteindre notre objectif d&rsquo;\u00eatre une entreprise leader dans notre domaine, nous devons r\u00e9pondre \u00e0 la norme du syst\u00e8me de gestion de la qualit\u00e9 sp\u00e9cifi\u00e9e par BS EN ISO 9001:2015. Le syst\u00e8me de gestion de l&rsquo;entreprise d\u00e9finit nos objectifs de qualit\u00e9 et nos proc\u00e9dures cl\u00e9s. Afin de garantir que l&rsquo;entreprise reste sensibilis\u00e9e \u00e0 l&rsquo;am\u00e9lioration continue, le syst\u00e8me de qualit\u00e9 est r\u00e9guli\u00e8rement revu et fait l&rsquo;objet d&rsquo;un audit annuel.<br \/>\nLes exigences du syst\u00e8me de qualit\u00e9 de l&rsquo;entreprise sont obligatoires et tout le personnel de l&rsquo;entreprise a une responsabilit\u00e9 et une obligation \u00e0 cet \u00e9gard.<\/p>\n<p>Signed:<br \/>\nMarcus Batty<br \/>\nManaging Director<\/p>\n<p>Date: 21\/06\/2024<\/p>\n<\/div><\/div><\/div><\/div><\/div>\n","protected":false},"excerpt":{"rendered":"","protected":false},"author":18,"featured_media":0,"parent":0,"menu_order":0,"comment_status":"closed","ping_status":"closed","template":"100-width.php","meta":{"footnotes":""},"class_list":["post-48097","page","type-page","status-publish","hentry"],"yoast_head":"<!-- This site is optimized with the Yoast SEO plugin v27.3 - https:\/\/yoast.com\/product\/yoast-seo-wordpress\/ -->\n<title>D\u00e9claration sur la politique de qualit\u00e9 - Ritelite Portable Lighting<\/title>\n<meta name=\"description\" content=\"D\u00e9claration de politique de qualit\u00e9 pour Ritelite Portable Lighting\" \/>\n<meta name=\"robots\" content=\"index, follow, max-snippet:-1, max-image-preview:large, max-video-preview:-1\" \/>\n<link rel=\"canonical\" href=\"https:\/\/riteliteportablelighting.co.uk\/fr\/declaration-sur-la-politique-de-qualite\/\" \/>\n<meta property=\"og:locale\" content=\"fr_FR\" \/>\n<meta property=\"og:type\" content=\"article\" \/>\n<meta property=\"og:title\" content=\"D\u00e9claration sur la politique de qualit\u00e9 - Ritelite Portable Lighting\" \/>\n<meta property=\"og:description\" content=\"D\u00e9claration de politique de qualit\u00e9 pour Ritelite Portable Lighting\" \/>\n<meta property=\"og:url\" content=\"https:\/\/riteliteportablelighting.co.uk\/fr\/declaration-sur-la-politique-de-qualite\/\" \/>\n<meta property=\"og:site_name\" content=\"Ritelite Portable Lighting\" \/>\n<meta property=\"article:publisher\" content=\"https:\/\/www.facebook.com\/ritelitesystems\/\" \/>\n<meta property=\"article:modified_time\" content=\"2026-03-02T10:56:59+00:00\" \/>\n<meta property=\"og:image\" content=\"https:\/\/riteliteportablelighting.co.uk\/wp-content\/uploads\/2019\/04\/RPL-Logo-Black-300px.png\" \/>\n\t<meta property=\"og:image:width\" content=\"300\" \/>\n\t<meta property=\"og:image:height\" content=\"76\" \/>\n\t<meta property=\"og:image:type\" content=\"image\/png\" \/>\n<meta name=\"twitter:card\" content=\"summary_large_image\" \/>\n<meta name=\"twitter:site\" content=\"@Ritelitesystems\" \/>\n<meta name=\"twitter:label1\" content=\"Dur\u00e9e de lecture estim\u00e9e\" \/>\n\t<meta name=\"twitter:data1\" content=\"4 minutes\" \/>\n<script type=\"application\/ld+json\" class=\"yoast-schema-graph\">{\"@context\":\"https:\\\/\\\/schema.org\",\"@graph\":[{\"@type\":\"WebPage\",\"@id\":\"https:\\\/\\\/riteliteportablelighting.co.uk\\\/fr\\\/declaration-sur-la-politique-de-qualite\\\/\",\"url\":\"https:\\\/\\\/riteliteportablelighting.co.uk\\\/fr\\\/declaration-sur-la-politique-de-qualite\\\/\",\"name\":\"D\u00e9claration sur la politique de qualit\u00e9 - Ritelite Portable Lighting\",\"isPartOf\":{\"@id\":\"https:\\\/\\\/riteliteportablelighting.co.uk\\\/fr\\\/#website\"},\"datePublished\":\"2022-03-24T12:43:14+00:00\",\"dateModified\":\"2026-03-02T10:56:59+00:00\",\"description\":\"D\u00e9claration de politique de qualit\u00e9 pour Ritelite Portable Lighting\",\"breadcrumb\":{\"@id\":\"https:\\\/\\\/riteliteportablelighting.co.uk\\\/fr\\\/declaration-sur-la-politique-de-qualite\\\/#breadcrumb\"},\"inLanguage\":\"fr-FR\",\"potentialAction\":[{\"@type\":\"ReadAction\",\"target\":[\"https:\\\/\\\/riteliteportablelighting.co.uk\\\/fr\\\/declaration-sur-la-politique-de-qualite\\\/\"]}]},{\"@type\":\"BreadcrumbList\",\"@id\":\"https:\\\/\\\/riteliteportablelighting.co.uk\\\/fr\\\/declaration-sur-la-politique-de-qualite\\\/#breadcrumb\",\"itemListElement\":[{\"@type\":\"ListItem\",\"position\":1,\"name\":\"Home\",\"item\":\"https:\\\/\\\/riteliteportablelighting.co.uk\\\/fr\\\/\"},{\"@type\":\"ListItem\",\"position\":2,\"name\":\"D\u00e9claration sur la politique de qualit\u00e9\"}]},{\"@type\":\"WebSite\",\"@id\":\"https:\\\/\\\/riteliteportablelighting.co.uk\\\/fr\\\/#website\",\"url\":\"https:\\\/\\\/riteliteportablelighting.co.uk\\\/fr\\\/\",\"name\":\"Ritelite Portable Lighting\",\"description\":\"\",\"publisher\":{\"@id\":\"https:\\\/\\\/riteliteportablelighting.co.uk\\\/fr\\\/#organization\"},\"potentialAction\":[{\"@type\":\"SearchAction\",\"target\":{\"@type\":\"EntryPoint\",\"urlTemplate\":\"https:\\\/\\\/riteliteportablelighting.co.uk\\\/fr\\\/?s={search_term_string}\"},\"query-input\":{\"@type\":\"PropertyValueSpecification\",\"valueRequired\":true,\"valueName\":\"search_term_string\"}}],\"inLanguage\":\"fr-FR\"},{\"@type\":\"Organization\",\"@id\":\"https:\\\/\\\/riteliteportablelighting.co.uk\\\/fr\\\/#organization\",\"name\":\"Ritelite Portable Lighting\",\"url\":\"https:\\\/\\\/riteliteportablelighting.co.uk\\\/fr\\\/\",\"logo\":{\"@type\":\"ImageObject\",\"inLanguage\":\"fr-FR\",\"@id\":\"https:\\\/\\\/riteliteportablelighting.co.uk\\\/fr\\\/#\\\/schema\\\/logo\\\/image\\\/\",\"url\":\"https:\\\/\\\/riteliteportablelighting.co.uk\\\/wp-content\\\/uploads\\\/2019\\\/04\\\/RPL-Logo-Black-400px.png\",\"contentUrl\":\"https:\\\/\\\/riteliteportablelighting.co.uk\\\/wp-content\\\/uploads\\\/2019\\\/04\\\/RPL-Logo-Black-400px.png\",\"width\":400,\"height\":101,\"caption\":\"Ritelite Portable Lighting\"},\"image\":{\"@id\":\"https:\\\/\\\/riteliteportablelighting.co.uk\\\/fr\\\/#\\\/schema\\\/logo\\\/image\\\/\"},\"sameAs\":[\"https:\\\/\\\/www.facebook.com\\\/ritelitesystems\\\/\",\"https:\\\/\\\/x.com\\\/Ritelitesystems\",\"https:\\\/\\\/www.youtube.com\\\/user\\\/RiteliteSystems\"]}]}<\/script>\n<!-- \/ Yoast SEO plugin. -->","yoast_head_json":{"title":"D\u00e9claration sur la politique de qualit\u00e9 - Ritelite Portable Lighting","description":"D\u00e9claration de politique de qualit\u00e9 pour Ritelite Portable Lighting","robots":{"index":"index","follow":"follow","max-snippet":"max-snippet:-1","max-image-preview":"max-image-preview:large","max-video-preview":"max-video-preview:-1"},"canonical":"https:\/\/riteliteportablelighting.co.uk\/fr\/declaration-sur-la-politique-de-qualite\/","og_locale":"fr_FR","og_type":"article","og_title":"D\u00e9claration sur la politique de qualit\u00e9 - Ritelite Portable Lighting","og_description":"D\u00e9claration de politique de qualit\u00e9 pour Ritelite Portable Lighting","og_url":"https:\/\/riteliteportablelighting.co.uk\/fr\/declaration-sur-la-politique-de-qualite\/","og_site_name":"Ritelite Portable Lighting","article_publisher":"https:\/\/www.facebook.com\/ritelitesystems\/","article_modified_time":"2026-03-02T10:56:59+00:00","og_image":[{"width":300,"height":76,"url":"https:\/\/riteliteportablelighting.co.uk\/wp-content\/uploads\/2019\/04\/RPL-Logo-Black-300px.png","type":"image\/png"}],"twitter_card":"summary_large_image","twitter_site":"@Ritelitesystems","twitter_misc":{"Dur\u00e9e de lecture estim\u00e9e":"4 minutes"},"schema":{"@context":"https:\/\/schema.org","@graph":[{"@type":"WebPage","@id":"https:\/\/riteliteportablelighting.co.uk\/fr\/declaration-sur-la-politique-de-qualite\/","url":"https:\/\/riteliteportablelighting.co.uk\/fr\/declaration-sur-la-politique-de-qualite\/","name":"D\u00e9claration sur la politique de qualit\u00e9 - Ritelite Portable Lighting","isPartOf":{"@id":"https:\/\/riteliteportablelighting.co.uk\/fr\/#website"},"datePublished":"2022-03-24T12:43:14+00:00","dateModified":"2026-03-02T10:56:59+00:00","description":"D\u00e9claration de politique de qualit\u00e9 pour Ritelite Portable Lighting","breadcrumb":{"@id":"https:\/\/riteliteportablelighting.co.uk\/fr\/declaration-sur-la-politique-de-qualite\/#breadcrumb"},"inLanguage":"fr-FR","potentialAction":[{"@type":"ReadAction","target":["https:\/\/riteliteportablelighting.co.uk\/fr\/declaration-sur-la-politique-de-qualite\/"]}]},{"@type":"BreadcrumbList","@id":"https:\/\/riteliteportablelighting.co.uk\/fr\/declaration-sur-la-politique-de-qualite\/#breadcrumb","itemListElement":[{"@type":"ListItem","position":1,"name":"Home","item":"https:\/\/riteliteportablelighting.co.uk\/fr\/"},{"@type":"ListItem","position":2,"name":"D\u00e9claration sur la politique de qualit\u00e9"}]},{"@type":"WebSite","@id":"https:\/\/riteliteportablelighting.co.uk\/fr\/#website","url":"https:\/\/riteliteportablelighting.co.uk\/fr\/","name":"Ritelite Portable Lighting","description":"","publisher":{"@id":"https:\/\/riteliteportablelighting.co.uk\/fr\/#organization"},"potentialAction":[{"@type":"SearchAction","target":{"@type":"EntryPoint","urlTemplate":"https:\/\/riteliteportablelighting.co.uk\/fr\/?s={search_term_string}"},"query-input":{"@type":"PropertyValueSpecification","valueRequired":true,"valueName":"search_term_string"}}],"inLanguage":"fr-FR"},{"@type":"Organization","@id":"https:\/\/riteliteportablelighting.co.uk\/fr\/#organization","name":"Ritelite Portable Lighting","url":"https:\/\/riteliteportablelighting.co.uk\/fr\/","logo":{"@type":"ImageObject","inLanguage":"fr-FR","@id":"https:\/\/riteliteportablelighting.co.uk\/fr\/#\/schema\/logo\/image\/","url":"https:\/\/riteliteportablelighting.co.uk\/wp-content\/uploads\/2019\/04\/RPL-Logo-Black-400px.png","contentUrl":"https:\/\/riteliteportablelighting.co.uk\/wp-content\/uploads\/2019\/04\/RPL-Logo-Black-400px.png","width":400,"height":101,"caption":"Ritelite Portable Lighting"},"image":{"@id":"https:\/\/riteliteportablelighting.co.uk\/fr\/#\/schema\/logo\/image\/"},"sameAs":["https:\/\/www.facebook.com\/ritelitesystems\/","https:\/\/x.com\/Ritelitesystems","https:\/\/www.youtube.com\/user\/RiteliteSystems"]}]}},"_links":{"self":[{"href":"https:\/\/riteliteportablelighting.co.uk\/fr\/wp-json\/wp\/v2\/pages\/48097","targetHints":{"allow":["GET"]}}],"collection":[{"href":"https:\/\/riteliteportablelighting.co.uk\/fr\/wp-json\/wp\/v2\/pages"}],"about":[{"href":"https:\/\/riteliteportablelighting.co.uk\/fr\/wp-json\/wp\/v2\/types\/page"}],"author":[{"embeddable":true,"href":"https:\/\/riteliteportablelighting.co.uk\/fr\/wp-json\/wp\/v2\/users\/18"}],"replies":[{"embeddable":true,"href":"https:\/\/riteliteportablelighting.co.uk\/fr\/wp-json\/wp\/v2\/comments?post=48097"}],"version-history":[{"count":1,"href":"https:\/\/riteliteportablelighting.co.uk\/fr\/wp-json\/wp\/v2\/pages\/48097\/revisions"}],"predecessor-version":[{"id":175085,"href":"https:\/\/riteliteportablelighting.co.uk\/fr\/wp-json\/wp\/v2\/pages\/48097\/revisions\/175085"}],"wp:attachment":[{"href":"https:\/\/riteliteportablelighting.co.uk\/fr\/wp-json\/wp\/v2\/media?parent=48097"}],"curies":[{"name":"wp","href":"https:\/\/api.w.org\/{rel}","templated":true}]}}