{"id":48094,"date":"2022-03-24T12:43:01","date_gmt":"2022-03-24T12:43:01","guid":{"rendered":"https:\/\/riteliteportablelighting.co.uk\/declaration-en-matiere-de-sante-et-de-securite\/"},"modified":"2026-03-02T10:56:59","modified_gmt":"2026-03-02T10:56:59","slug":"declaration-en-matiere-de-sante-et-de-securite","status":"publish","type":"page","link":"https:\/\/riteliteportablelighting.co.uk\/fr\/declaration-en-matiere-de-sante-et-de-securite\/","title":{"rendered":"D\u00e9claration en mati\u00e8re de sant\u00e9 et de s\u00e9curit\u00e9"},"content":{"rendered":"<div class=\"fusion-fullwidth fullwidth-box fusion-builder-row-1 fusion-flex-container nonhundred-percent-fullwidth non-hundred-percent-height-scrolling\" style=\"--awb-border-radius-top-left:0px;--awb-border-radius-top-right:0px;--awb-border-radius-bottom-right:0px;--awb-border-radius-bottom-left:0px;--awb-padding-right:10%;--awb-padding-left:10%;--awb-flex-wrap:wrap;\" ><div class=\"fusion-builder-row fusion-row fusion-flex-align-items-flex-start fusion-flex-content-wrap\" style=\"max-width:1144px;margin-left: calc(-4% \/ 2 );margin-right: calc(-4% \/ 2 );\"><div class=\"fusion-layout-column fusion_builder_column fusion-builder-column-0 fusion_builder_column_1_1 1_1 fusion-flex-column\" style=\"--awb-bg-size:cover;--awb-width-large:100%;--awb-margin-top-large:0px;--awb-spacing-right-large:1.92%;--awb-margin-bottom-large:0px;--awb-spacing-left-large:1.92%;--awb-width-medium:100%;--awb-spacing-right-medium:1.92%;--awb-spacing-left-medium:1.92%;--awb-width-small:100%;--awb-spacing-right-small:1.92%;--awb-spacing-left-small:1.92%;\"><div class=\"fusion-column-wrapper fusion-flex-justify-content-flex-start fusion-content-layout-column\"><div class=\"fusion-text fusion-text-1\" style=\"--awb-text-transform:none;\"><h3>D\u00e9claration sur la sant\u00e9 et la s\u00e9curit\u00e9<\/h3>\n<ol>\n<li>La d\u00e9claration suivante sur la sant\u00e9 et la s\u00e9curit\u00e9 au travail est publi\u00e9e conform\u00e9ment \u00e0 la section a (3) de la loi de 1974 sur la sant\u00e9, la s\u00e9curit\u00e9 et le bien-\u00eatre au travail (Health, Safety &amp; Welfare at Work Act 1974) et est destin\u00e9e \u00e0 l&rsquo;information de tous les employ\u00e9s.\n<ol>\n<li>Ritelite Systems Ltd reconna\u00eet et accepte ses responsabilit\u00e9s en tant qu&#8217;employeur pour ce qui est de fournir un environnement s\u00fbr et sain \u00e0 tous ses employ\u00e9s et de mener ses activit\u00e9s sans risque pour la sant\u00e9 et la s\u00e9curit\u00e9 d&rsquo;autrui.<\/li>\n<li>Ritelite Systems Ltd s&rsquo;acquittera de ses responsabilit\u00e9s au titre de la loi susmentionn\u00e9e en accordant une attention particuli\u00e8re \u00e0 la fourniture des \u00e9l\u00e9ments suivants :\n<ul>\n<li>Des informations, des instructions, une formation et une supervision suffisantes pour permettre \u00e0 tous les employ\u00e9s d&rsquo;\u00e9viter les risques et de contribuer positivement \u00e0 leur propre s\u00e9curit\u00e9 et \u00e0 leur propre sant\u00e9 sur le lieu de travail.<\/li>\n<li>Un environnement de travail sain et s\u00fbr.<\/li>\n<li>Des installations de s\u00e9curit\u00e9 ad\u00e9quates.<\/li>\n<li>Des \u00e9valuations r\u00e9guli\u00e8res des risques afin d&rsquo;\u00e9valuer les dangers potentiels et les risques pour les employ\u00e9s.<\/li>\n<li>\u00c9valuations r\u00e9guli\u00e8res COSHH (contr\u00f4le des substances dangereuses).<\/li>\n<li>\u00c9valuations r\u00e9guli\u00e8res de l&rsquo;\u00e9quipement pour \u00e9cran d&rsquo;affichage.<\/li>\n<li>Entretien de tous les \u00e9quipements afin de pr\u00e9venir les accidents ou les blessures des employ\u00e9s sur le lieu de travail.<\/li>\n<\/ul>\n<\/li>\n<li>Ritelite Systems Ltd est responsable des questions relatives \u00e0 la sant\u00e9 et \u00e0 la s\u00e9curit\u00e9 de tous les employ\u00e9s et de toute autre personne susceptible d&rsquo;\u00eatre affect\u00e9e par les activit\u00e9s de Ritelite et veille \u00e0 ce que des dispositions satisfaisantes soient prises conform\u00e9ment \u00e0 la l\u00e9gislation en vigueur.<\/li>\n<li>Ritelite Systems Ltd attend de tous ses employ\u00e9s qu&rsquo;ils comprennent que la responsabilit\u00e9 en mati\u00e8re de sant\u00e9 et de s\u00e9curit\u00e9 n&rsquo;est pas moindre que celle de toute autre fonction et qu&rsquo;ils r\u00e9agissent en cons\u00e9quence en\n<ul>\n<li>en prenant soin de leur sant\u00e9 et de leur s\u00e9curit\u00e9 et de celles des autres et en coop\u00e9rant avec Ritelite pour lui permettre de s&rsquo;acquitter de ses propres responsabilit\u00e9s avec succ\u00e8s.<\/li>\n<\/ul>\n<\/li>\n<li>La pr\u00e9sente d\u00e9claration sera r\u00e9examin\u00e9e et r\u00e9vis\u00e9e chaque ann\u00e9e ou selon les besoins, et toute r\u00e9vision sera port\u00e9e \u00e0 la connaissance de tous les employ\u00e9s.<\/li>\n<\/ol>\n<\/li>\n<\/ol>\n<p>Sign\u00e9:<br \/>\nMarcus J Batty<br \/>\nDirecteur g\u00e9n\u00e9ral<\/p>\n<p>Date: 21\/06\/2024<\/p>\n<\/div><\/div><\/div><\/div><\/div>\n","protected":false},"excerpt":{"rendered":"","protected":false},"author":18,"featured_media":0,"parent":0,"menu_order":0,"comment_status":"closed","ping_status":"closed","template":"100-width.php","meta":{"footnotes":""},"class_list":["post-48094","page","type-page","status-publish","hentry"],"yoast_head":"<!-- This site is optimized with the Yoast SEO plugin v27.3 - https:\/\/yoast.com\/product\/yoast-seo-wordpress\/ -->\n<title>D\u00e9claration en mati\u00e8re de sant\u00e9 et de s\u00e9curit\u00e9 - Ritelite Portable Lighting<\/title>\n<meta name=\"description\" content=\"D\u00e9claration de sant\u00e9 et de s\u00e9curit\u00e9 pour l&#039;\u00e9clairage portatif Ritelite\" \/>\n<meta name=\"robots\" content=\"index, follow, max-snippet:-1, max-image-preview:large, max-video-preview:-1\" \/>\n<link rel=\"canonical\" href=\"https:\/\/riteliteportablelighting.co.uk\/fr\/declaration-en-matiere-de-sante-et-de-securite\/\" \/>\n<meta property=\"og:locale\" content=\"fr_FR\" \/>\n<meta property=\"og:type\" content=\"article\" \/>\n<meta property=\"og:title\" content=\"D\u00e9claration en mati\u00e8re de sant\u00e9 et de s\u00e9curit\u00e9 - Ritelite Portable Lighting\" \/>\n<meta property=\"og:description\" content=\"D\u00e9claration de sant\u00e9 et de s\u00e9curit\u00e9 pour l&#039;\u00e9clairage portatif Ritelite\" \/>\n<meta property=\"og:url\" content=\"https:\/\/riteliteportablelighting.co.uk\/fr\/declaration-en-matiere-de-sante-et-de-securite\/\" \/>\n<meta property=\"og:site_name\" content=\"Ritelite Portable Lighting\" \/>\n<meta property=\"article:publisher\" content=\"https:\/\/www.facebook.com\/ritelitesystems\/\" \/>\n<meta property=\"article:modified_time\" content=\"2026-03-02T10:56:59+00:00\" \/>\n<meta property=\"og:image\" content=\"https:\/\/riteliteportablelighting.co.uk\/wp-content\/uploads\/2019\/04\/RPL-Logo-Black-300px.png\" \/>\n\t<meta property=\"og:image:width\" content=\"300\" \/>\n\t<meta property=\"og:image:height\" content=\"76\" \/>\n\t<meta property=\"og:image:type\" content=\"image\/png\" \/>\n<meta name=\"twitter:card\" content=\"summary_large_image\" \/>\n<meta name=\"twitter:site\" content=\"@Ritelitesystems\" \/>\n<meta name=\"twitter:label1\" content=\"Dur\u00e9e de lecture estim\u00e9e\" \/>\n\t<meta name=\"twitter:data1\" content=\"5 minutes\" \/>\n<script type=\"application\/ld+json\" class=\"yoast-schema-graph\">{\"@context\":\"https:\\\/\\\/schema.org\",\"@graph\":[{\"@type\":\"WebPage\",\"@id\":\"https:\\\/\\\/riteliteportablelighting.co.uk\\\/fr\\\/declaration-en-matiere-de-sante-et-de-securite\\\/\",\"url\":\"https:\\\/\\\/riteliteportablelighting.co.uk\\\/fr\\\/declaration-en-matiere-de-sante-et-de-securite\\\/\",\"name\":\"D\u00e9claration en mati\u00e8re de sant\u00e9 et de s\u00e9curit\u00e9 - Ritelite Portable Lighting\",\"isPartOf\":{\"@id\":\"https:\\\/\\\/riteliteportablelighting.co.uk\\\/fr\\\/#website\"},\"datePublished\":\"2022-03-24T12:43:01+00:00\",\"dateModified\":\"2026-03-02T10:56:59+00:00\",\"description\":\"D\u00e9claration de sant\u00e9 et de s\u00e9curit\u00e9 pour l'\u00e9clairage portatif Ritelite\",\"breadcrumb\":{\"@id\":\"https:\\\/\\\/riteliteportablelighting.co.uk\\\/fr\\\/declaration-en-matiere-de-sante-et-de-securite\\\/#breadcrumb\"},\"inLanguage\":\"fr-FR\",\"potentialAction\":[{\"@type\":\"ReadAction\",\"target\":[\"https:\\\/\\\/riteliteportablelighting.co.uk\\\/fr\\\/declaration-en-matiere-de-sante-et-de-securite\\\/\"]}]},{\"@type\":\"BreadcrumbList\",\"@id\":\"https:\\\/\\\/riteliteportablelighting.co.uk\\\/fr\\\/declaration-en-matiere-de-sante-et-de-securite\\\/#breadcrumb\",\"itemListElement\":[{\"@type\":\"ListItem\",\"position\":1,\"name\":\"Home\",\"item\":\"https:\\\/\\\/riteliteportablelighting.co.uk\\\/fr\\\/\"},{\"@type\":\"ListItem\",\"position\":2,\"name\":\"D\u00e9claration en mati\u00e8re de sant\u00e9 et de s\u00e9curit\u00e9\"}]},{\"@type\":\"WebSite\",\"@id\":\"https:\\\/\\\/riteliteportablelighting.co.uk\\\/fr\\\/#website\",\"url\":\"https:\\\/\\\/riteliteportablelighting.co.uk\\\/fr\\\/\",\"name\":\"Ritelite Portable Lighting\",\"description\":\"\",\"publisher\":{\"@id\":\"https:\\\/\\\/riteliteportablelighting.co.uk\\\/fr\\\/#organization\"},\"potentialAction\":[{\"@type\":\"SearchAction\",\"target\":{\"@type\":\"EntryPoint\",\"urlTemplate\":\"https:\\\/\\\/riteliteportablelighting.co.uk\\\/fr\\\/?s={search_term_string}\"},\"query-input\":{\"@type\":\"PropertyValueSpecification\",\"valueRequired\":true,\"valueName\":\"search_term_string\"}}],\"inLanguage\":\"fr-FR\"},{\"@type\":\"Organization\",\"@id\":\"https:\\\/\\\/riteliteportablelighting.co.uk\\\/fr\\\/#organization\",\"name\":\"Ritelite Portable Lighting\",\"url\":\"https:\\\/\\\/riteliteportablelighting.co.uk\\\/fr\\\/\",\"logo\":{\"@type\":\"ImageObject\",\"inLanguage\":\"fr-FR\",\"@id\":\"https:\\\/\\\/riteliteportablelighting.co.uk\\\/fr\\\/#\\\/schema\\\/logo\\\/image\\\/\",\"url\":\"https:\\\/\\\/riteliteportablelighting.co.uk\\\/wp-content\\\/uploads\\\/2019\\\/04\\\/RPL-Logo-Black-400px.png\",\"contentUrl\":\"https:\\\/\\\/riteliteportablelighting.co.uk\\\/wp-content\\\/uploads\\\/2019\\\/04\\\/RPL-Logo-Black-400px.png\",\"width\":400,\"height\":101,\"caption\":\"Ritelite Portable Lighting\"},\"image\":{\"@id\":\"https:\\\/\\\/riteliteportablelighting.co.uk\\\/fr\\\/#\\\/schema\\\/logo\\\/image\\\/\"},\"sameAs\":[\"https:\\\/\\\/www.facebook.com\\\/ritelitesystems\\\/\",\"https:\\\/\\\/x.com\\\/Ritelitesystems\",\"https:\\\/\\\/www.youtube.com\\\/user\\\/RiteliteSystems\"]}]}<\/script>\n<!-- \/ Yoast SEO plugin. -->","yoast_head_json":{"title":"D\u00e9claration en mati\u00e8re de sant\u00e9 et de s\u00e9curit\u00e9 - Ritelite Portable Lighting","description":"D\u00e9claration de sant\u00e9 et de s\u00e9curit\u00e9 pour l'\u00e9clairage portatif Ritelite","robots":{"index":"index","follow":"follow","max-snippet":"max-snippet:-1","max-image-preview":"max-image-preview:large","max-video-preview":"max-video-preview:-1"},"canonical":"https:\/\/riteliteportablelighting.co.uk\/fr\/declaration-en-matiere-de-sante-et-de-securite\/","og_locale":"fr_FR","og_type":"article","og_title":"D\u00e9claration en mati\u00e8re de sant\u00e9 et de s\u00e9curit\u00e9 - Ritelite Portable Lighting","og_description":"D\u00e9claration de sant\u00e9 et de s\u00e9curit\u00e9 pour l'\u00e9clairage portatif Ritelite","og_url":"https:\/\/riteliteportablelighting.co.uk\/fr\/declaration-en-matiere-de-sante-et-de-securite\/","og_site_name":"Ritelite Portable Lighting","article_publisher":"https:\/\/www.facebook.com\/ritelitesystems\/","article_modified_time":"2026-03-02T10:56:59+00:00","og_image":[{"width":300,"height":76,"url":"https:\/\/riteliteportablelighting.co.uk\/wp-content\/uploads\/2019\/04\/RPL-Logo-Black-300px.png","type":"image\/png"}],"twitter_card":"summary_large_image","twitter_site":"@Ritelitesystems","twitter_misc":{"Dur\u00e9e de lecture estim\u00e9e":"5 minutes"},"schema":{"@context":"https:\/\/schema.org","@graph":[{"@type":"WebPage","@id":"https:\/\/riteliteportablelighting.co.uk\/fr\/declaration-en-matiere-de-sante-et-de-securite\/","url":"https:\/\/riteliteportablelighting.co.uk\/fr\/declaration-en-matiere-de-sante-et-de-securite\/","name":"D\u00e9claration en mati\u00e8re de sant\u00e9 et de s\u00e9curit\u00e9 - Ritelite Portable Lighting","isPartOf":{"@id":"https:\/\/riteliteportablelighting.co.uk\/fr\/#website"},"datePublished":"2022-03-24T12:43:01+00:00","dateModified":"2026-03-02T10:56:59+00:00","description":"D\u00e9claration de sant\u00e9 et de s\u00e9curit\u00e9 pour l'\u00e9clairage portatif Ritelite","breadcrumb":{"@id":"https:\/\/riteliteportablelighting.co.uk\/fr\/declaration-en-matiere-de-sante-et-de-securite\/#breadcrumb"},"inLanguage":"fr-FR","potentialAction":[{"@type":"ReadAction","target":["https:\/\/riteliteportablelighting.co.uk\/fr\/declaration-en-matiere-de-sante-et-de-securite\/"]}]},{"@type":"BreadcrumbList","@id":"https:\/\/riteliteportablelighting.co.uk\/fr\/declaration-en-matiere-de-sante-et-de-securite\/#breadcrumb","itemListElement":[{"@type":"ListItem","position":1,"name":"Home","item":"https:\/\/riteliteportablelighting.co.uk\/fr\/"},{"@type":"ListItem","position":2,"name":"D\u00e9claration en mati\u00e8re de sant\u00e9 et de s\u00e9curit\u00e9"}]},{"@type":"WebSite","@id":"https:\/\/riteliteportablelighting.co.uk\/fr\/#website","url":"https:\/\/riteliteportablelighting.co.uk\/fr\/","name":"Ritelite Portable Lighting","description":"","publisher":{"@id":"https:\/\/riteliteportablelighting.co.uk\/fr\/#organization"},"potentialAction":[{"@type":"SearchAction","target":{"@type":"EntryPoint","urlTemplate":"https:\/\/riteliteportablelighting.co.uk\/fr\/?s={search_term_string}"},"query-input":{"@type":"PropertyValueSpecification","valueRequired":true,"valueName":"search_term_string"}}],"inLanguage":"fr-FR"},{"@type":"Organization","@id":"https:\/\/riteliteportablelighting.co.uk\/fr\/#organization","name":"Ritelite Portable Lighting","url":"https:\/\/riteliteportablelighting.co.uk\/fr\/","logo":{"@type":"ImageObject","inLanguage":"fr-FR","@id":"https:\/\/riteliteportablelighting.co.uk\/fr\/#\/schema\/logo\/image\/","url":"https:\/\/riteliteportablelighting.co.uk\/wp-content\/uploads\/2019\/04\/RPL-Logo-Black-400px.png","contentUrl":"https:\/\/riteliteportablelighting.co.uk\/wp-content\/uploads\/2019\/04\/RPL-Logo-Black-400px.png","width":400,"height":101,"caption":"Ritelite Portable Lighting"},"image":{"@id":"https:\/\/riteliteportablelighting.co.uk\/fr\/#\/schema\/logo\/image\/"},"sameAs":["https:\/\/www.facebook.com\/ritelitesystems\/","https:\/\/x.com\/Ritelitesystems","https:\/\/www.youtube.com\/user\/RiteliteSystems"]}]}},"_links":{"self":[{"href":"https:\/\/riteliteportablelighting.co.uk\/fr\/wp-json\/wp\/v2\/pages\/48094","targetHints":{"allow":["GET"]}}],"collection":[{"href":"https:\/\/riteliteportablelighting.co.uk\/fr\/wp-json\/wp\/v2\/pages"}],"about":[{"href":"https:\/\/riteliteportablelighting.co.uk\/fr\/wp-json\/wp\/v2\/types\/page"}],"author":[{"embeddable":true,"href":"https:\/\/riteliteportablelighting.co.uk\/fr\/wp-json\/wp\/v2\/users\/18"}],"replies":[{"embeddable":true,"href":"https:\/\/riteliteportablelighting.co.uk\/fr\/wp-json\/wp\/v2\/comments?post=48094"}],"version-history":[{"count":1,"href":"https:\/\/riteliteportablelighting.co.uk\/fr\/wp-json\/wp\/v2\/pages\/48094\/revisions"}],"predecessor-version":[{"id":175082,"href":"https:\/\/riteliteportablelighting.co.uk\/fr\/wp-json\/wp\/v2\/pages\/48094\/revisions\/175082"}],"wp:attachment":[{"href":"https:\/\/riteliteportablelighting.co.uk\/fr\/wp-json\/wp\/v2\/media?parent=48094"}],"curies":[{"name":"wp","href":"https:\/\/api.w.org\/{rel}","templated":true}]}}