{"id":43179,"date":"2021-11-08T13:34:41","date_gmt":"2021-11-08T13:34:41","guid":{"rendered":"https:\/\/riteliteportablelighting.co.uk\/politica-medioambiental\/"},"modified":"2026-03-02T10:56:59","modified_gmt":"2026-03-02T10:56:59","slug":"politica-medioambiental","status":"publish","type":"page","link":"https:\/\/riteliteportablelighting.co.uk\/es\/politica-medioambiental\/","title":{"rendered":"Pol\u00edtica medioambiental"},"content":{"rendered":"<div class=\"fusion-fullwidth fullwidth-box fusion-builder-row-1 fusion-flex-container nonhundred-percent-fullwidth non-hundred-percent-height-scrolling\" style=\"--awb-border-radius-top-left:0px;--awb-border-radius-top-right:0px;--awb-border-radius-bottom-right:0px;--awb-border-radius-bottom-left:0px;--awb-padding-right:10%;--awb-padding-left:10%;--awb-flex-wrap:wrap;\" ><div class=\"fusion-builder-row fusion-row fusion-flex-align-items-flex-start fusion-flex-content-wrap\" style=\"max-width:1144px;margin-left: calc(-4% \/ 2 );margin-right: calc(-4% \/ 2 );\"><div class=\"fusion-layout-column fusion_builder_column fusion-builder-column-0 fusion_builder_column_1_1 1_1 fusion-flex-column\" style=\"--awb-bg-size:cover;--awb-width-large:100%;--awb-margin-top-large:0px;--awb-spacing-right-large:1.92%;--awb-margin-bottom-large:0px;--awb-spacing-left-large:1.92%;--awb-width-medium:100%;--awb-spacing-right-medium:1.92%;--awb-spacing-left-medium:1.92%;--awb-width-small:100%;--awb-spacing-right-small:1.92%;--awb-spacing-left-small:1.92%;\"><div class=\"fusion-column-wrapper fusion-flex-justify-content-flex-start fusion-content-layout-column\"><div class=\"fusion-text fusion-text-1\" style=\"--awb-text-transform:none;\"><h3>Pol\u00edtica medioambiental<\/h3>\n<p>Ritelite (Systems) Ltd:<\/p>\n<ul>\n<li>Cumplir con los requisitos de la legislaci\u00f3n medioambiental y los c\u00f3digos de pr\u00e1ctica aprobados, incluidos los principios sociales y \u00e9ticos.<\/li>\n<li>Cumplir con los requisitos de la legislaci\u00f3n medioambiental y los c\u00f3digos de pr\u00e1ctica aprobados, incluidos los principios sociales y \u00e9ticos.\n<li>Asegurarse de que todos los empleados tengan informaci\u00f3n, instrucci\u00f3n y formaci\u00f3n adecuadas y suficientes para actuar con la debida consideraci\u00f3n hacia el medio ambiente en l\u00ednea con la legislaci\u00f3n vigente.<\/li>\n<li>Trabajar para establecer normas de dise\u00f1o que promuevan el uso de procesos y materiales respetuosos con el medio ambiente.<\/li>\n<li>Fomentar la reducci\u00f3n del consumo de materias primas y energ\u00eda al tiempo que se promueve la reutilizaci\u00f3n y el reciclaje siempre que sea posible.<\/li>\n<li>Comprometerse con la protecci\u00f3n del medio ambiente, incluyendo la prevenci\u00f3n de la contaminaci\u00f3n y otros compromisos espec\u00edficos.<\/li>\n<li>Esperar que todos los proveedores apliquen normas medioambientales similares y fomentar que se apliquen normas medioambientales elevadas cuando se trabaje en proyectos mutuos.<\/li>\n<li>Ayudar a los clientes a utilizar y desechar los productos suministrados por Ritelite de forma respetuosa con el medio ambiente.<\/li>\n<li>Colaborar con la comunidad local sobre la nueva legislaci\u00f3n y los productos.<\/li>\n<li>Procurar la mejora continua del rendimiento medioambiental.<\/li>\n<li>Preparar y revisar el rendimiento medioambiental.\n<li>Establecer y revisar los objetivos y metas medioambientales anualmente.<\/li>\n<li>Esta pol\u00edtica se revisar\u00e1 anualmente y estar\u00e1 disponible en la p\u00e1gina web de la empresa para su consulta p\u00fablica.<\/li>\n<p>.\n<\/ul>\n<p>Ritelite (systems) Ltd opera un sistema de gesti\u00f3n ambiental seg\u00fan los requisitos de la norma ISO 14001:2015. <\/p>\n<p>Firmado:<br \/>\nMarcus Batty<br \/>\nManaging Director<\/p>\n<p>Date: 21\/06\/2024<\/p>\n<\/div><\/div><\/div><\/div><\/div>\n","protected":false},"excerpt":{"rendered":"","protected":false},"author":18,"featured_media":0,"parent":0,"menu_order":0,"comment_status":"closed","ping_status":"closed","template":"100-width.php","meta":{"footnotes":""},"class_list":["post-43179","page","type-page","status-publish","hentry"],"yoast_head":"<!-- This site is optimized with the Yoast SEO plugin v27.3 - https:\/\/yoast.com\/product\/yoast-seo-wordpress\/ -->\n<title>Pol\u00edtica medioambiental - Ritelite Portable Lighting<\/title>\n<meta name=\"description\" content=\"Pol\u00edtica medioambiental de Ritelite Portable Lighting\" \/>\n<meta name=\"robots\" content=\"index, follow, max-snippet:-1, max-image-preview:large, max-video-preview:-1\" \/>\n<link rel=\"canonical\" href=\"https:\/\/riteliteportablelighting.co.uk\/es\/politica-medioambiental\/\" \/>\n<meta property=\"og:locale\" content=\"es_ES\" \/>\n<meta property=\"og:type\" content=\"article\" \/>\n<meta property=\"og:title\" content=\"Pol\u00edtica medioambiental - Ritelite Portable Lighting\" \/>\n<meta property=\"og:description\" content=\"Pol\u00edtica medioambiental de Ritelite Portable Lighting\" \/>\n<meta property=\"og:url\" content=\"https:\/\/riteliteportablelighting.co.uk\/es\/politica-medioambiental\/\" \/>\n<meta property=\"og:site_name\" content=\"Ritelite Portable Lighting\" \/>\n<meta property=\"article:publisher\" content=\"https:\/\/www.facebook.com\/ritelitesystems\/\" \/>\n<meta property=\"article:modified_time\" content=\"2026-03-02T10:56:59+00:00\" \/>\n<meta property=\"og:image\" content=\"https:\/\/riteliteportablelighting.co.uk\/wp-content\/uploads\/2019\/04\/RPL-Logo-Black-300px.png\" \/>\n\t<meta property=\"og:image:width\" content=\"300\" \/>\n\t<meta property=\"og:image:height\" content=\"76\" \/>\n\t<meta property=\"og:image:type\" content=\"image\/png\" \/>\n<meta name=\"twitter:card\" content=\"summary_large_image\" \/>\n<meta name=\"twitter:site\" content=\"@Ritelitesystems\" \/>\n<meta name=\"twitter:label1\" content=\"Tiempo de lectura\" \/>\n\t<meta name=\"twitter:data1\" content=\"2 minuto\" \/>\n<script type=\"application\/ld+json\" class=\"yoast-schema-graph\">{\"@context\":\"https:\\\/\\\/schema.org\",\"@graph\":[{\"@type\":\"WebPage\",\"@id\":\"https:\\\/\\\/riteliteportablelighting.co.uk\\\/es\\\/politica-medioambiental\\\/\",\"url\":\"https:\\\/\\\/riteliteportablelighting.co.uk\\\/es\\\/politica-medioambiental\\\/\",\"name\":\"Pol\u00edtica medioambiental - Ritelite Portable Lighting\",\"isPartOf\":{\"@id\":\"https:\\\/\\\/riteliteportablelighting.co.uk\\\/es\\\/#website\"},\"datePublished\":\"2021-11-08T13:34:41+00:00\",\"dateModified\":\"2026-03-02T10:56:59+00:00\",\"description\":\"Pol\u00edtica medioambiental de Ritelite Portable Lighting\",\"breadcrumb\":{\"@id\":\"https:\\\/\\\/riteliteportablelighting.co.uk\\\/es\\\/politica-medioambiental\\\/#breadcrumb\"},\"inLanguage\":\"es\",\"potentialAction\":[{\"@type\":\"ReadAction\",\"target\":[\"https:\\\/\\\/riteliteportablelighting.co.uk\\\/es\\\/politica-medioambiental\\\/\"]}]},{\"@type\":\"BreadcrumbList\",\"@id\":\"https:\\\/\\\/riteliteportablelighting.co.uk\\\/es\\\/politica-medioambiental\\\/#breadcrumb\",\"itemListElement\":[{\"@type\":\"ListItem\",\"position\":1,\"name\":\"Home\",\"item\":\"https:\\\/\\\/riteliteportablelighting.co.uk\\\/es\\\/\"},{\"@type\":\"ListItem\",\"position\":2,\"name\":\"Pol\u00edtica medioambiental\"}]},{\"@type\":\"WebSite\",\"@id\":\"https:\\\/\\\/riteliteportablelighting.co.uk\\\/es\\\/#website\",\"url\":\"https:\\\/\\\/riteliteportablelighting.co.uk\\\/es\\\/\",\"name\":\"Ritelite Portable Lighting\",\"description\":\"\",\"publisher\":{\"@id\":\"https:\\\/\\\/riteliteportablelighting.co.uk\\\/es\\\/#organization\"},\"potentialAction\":[{\"@type\":\"SearchAction\",\"target\":{\"@type\":\"EntryPoint\",\"urlTemplate\":\"https:\\\/\\\/riteliteportablelighting.co.uk\\\/es\\\/?s={search_term_string}\"},\"query-input\":{\"@type\":\"PropertyValueSpecification\",\"valueRequired\":true,\"valueName\":\"search_term_string\"}}],\"inLanguage\":\"es\"},{\"@type\":\"Organization\",\"@id\":\"https:\\\/\\\/riteliteportablelighting.co.uk\\\/es\\\/#organization\",\"name\":\"Ritelite Portable Lighting\",\"url\":\"https:\\\/\\\/riteliteportablelighting.co.uk\\\/es\\\/\",\"logo\":{\"@type\":\"ImageObject\",\"inLanguage\":\"es\",\"@id\":\"https:\\\/\\\/riteliteportablelighting.co.uk\\\/es\\\/#\\\/schema\\\/logo\\\/image\\\/\",\"url\":\"https:\\\/\\\/riteliteportablelighting.co.uk\\\/wp-content\\\/uploads\\\/2019\\\/04\\\/RPL-Logo-Black-400px.png\",\"contentUrl\":\"https:\\\/\\\/riteliteportablelighting.co.uk\\\/wp-content\\\/uploads\\\/2019\\\/04\\\/RPL-Logo-Black-400px.png\",\"width\":400,\"height\":101,\"caption\":\"Ritelite Portable Lighting\"},\"image\":{\"@id\":\"https:\\\/\\\/riteliteportablelighting.co.uk\\\/es\\\/#\\\/schema\\\/logo\\\/image\\\/\"},\"sameAs\":[\"https:\\\/\\\/www.facebook.com\\\/ritelitesystems\\\/\",\"https:\\\/\\\/x.com\\\/Ritelitesystems\",\"https:\\\/\\\/www.youtube.com\\\/user\\\/RiteliteSystems\"]}]}<\/script>\n<!-- \/ Yoast SEO plugin. -->","yoast_head_json":{"title":"Pol\u00edtica medioambiental - Ritelite Portable Lighting","description":"Pol\u00edtica medioambiental de Ritelite Portable Lighting","robots":{"index":"index","follow":"follow","max-snippet":"max-snippet:-1","max-image-preview":"max-image-preview:large","max-video-preview":"max-video-preview:-1"},"canonical":"https:\/\/riteliteportablelighting.co.uk\/es\/politica-medioambiental\/","og_locale":"es_ES","og_type":"article","og_title":"Pol\u00edtica medioambiental - Ritelite Portable Lighting","og_description":"Pol\u00edtica medioambiental de Ritelite Portable Lighting","og_url":"https:\/\/riteliteportablelighting.co.uk\/es\/politica-medioambiental\/","og_site_name":"Ritelite Portable Lighting","article_publisher":"https:\/\/www.facebook.com\/ritelitesystems\/","article_modified_time":"2026-03-02T10:56:59+00:00","og_image":[{"width":300,"height":76,"url":"https:\/\/riteliteportablelighting.co.uk\/wp-content\/uploads\/2019\/04\/RPL-Logo-Black-300px.png","type":"image\/png"}],"twitter_card":"summary_large_image","twitter_site":"@Ritelitesystems","twitter_misc":{"Tiempo de lectura":"2 minuto"},"schema":{"@context":"https:\/\/schema.org","@graph":[{"@type":"WebPage","@id":"https:\/\/riteliteportablelighting.co.uk\/es\/politica-medioambiental\/","url":"https:\/\/riteliteportablelighting.co.uk\/es\/politica-medioambiental\/","name":"Pol\u00edtica medioambiental - Ritelite Portable Lighting","isPartOf":{"@id":"https:\/\/riteliteportablelighting.co.uk\/es\/#website"},"datePublished":"2021-11-08T13:34:41+00:00","dateModified":"2026-03-02T10:56:59+00:00","description":"Pol\u00edtica medioambiental de Ritelite Portable Lighting","breadcrumb":{"@id":"https:\/\/riteliteportablelighting.co.uk\/es\/politica-medioambiental\/#breadcrumb"},"inLanguage":"es","potentialAction":[{"@type":"ReadAction","target":["https:\/\/riteliteportablelighting.co.uk\/es\/politica-medioambiental\/"]}]},{"@type":"BreadcrumbList","@id":"https:\/\/riteliteportablelighting.co.uk\/es\/politica-medioambiental\/#breadcrumb","itemListElement":[{"@type":"ListItem","position":1,"name":"Home","item":"https:\/\/riteliteportablelighting.co.uk\/es\/"},{"@type":"ListItem","position":2,"name":"Pol\u00edtica medioambiental"}]},{"@type":"WebSite","@id":"https:\/\/riteliteportablelighting.co.uk\/es\/#website","url":"https:\/\/riteliteportablelighting.co.uk\/es\/","name":"Ritelite Portable Lighting","description":"","publisher":{"@id":"https:\/\/riteliteportablelighting.co.uk\/es\/#organization"},"potentialAction":[{"@type":"SearchAction","target":{"@type":"EntryPoint","urlTemplate":"https:\/\/riteliteportablelighting.co.uk\/es\/?s={search_term_string}"},"query-input":{"@type":"PropertyValueSpecification","valueRequired":true,"valueName":"search_term_string"}}],"inLanguage":"es"},{"@type":"Organization","@id":"https:\/\/riteliteportablelighting.co.uk\/es\/#organization","name":"Ritelite Portable Lighting","url":"https:\/\/riteliteportablelighting.co.uk\/es\/","logo":{"@type":"ImageObject","inLanguage":"es","@id":"https:\/\/riteliteportablelighting.co.uk\/es\/#\/schema\/logo\/image\/","url":"https:\/\/riteliteportablelighting.co.uk\/wp-content\/uploads\/2019\/04\/RPL-Logo-Black-400px.png","contentUrl":"https:\/\/riteliteportablelighting.co.uk\/wp-content\/uploads\/2019\/04\/RPL-Logo-Black-400px.png","width":400,"height":101,"caption":"Ritelite Portable Lighting"},"image":{"@id":"https:\/\/riteliteportablelighting.co.uk\/es\/#\/schema\/logo\/image\/"},"sameAs":["https:\/\/www.facebook.com\/ritelitesystems\/","https:\/\/x.com\/Ritelitesystems","https:\/\/www.youtube.com\/user\/RiteliteSystems"]}]}},"_links":{"self":[{"href":"https:\/\/riteliteportablelighting.co.uk\/es\/wp-json\/wp\/v2\/pages\/43179","targetHints":{"allow":["GET"]}}],"collection":[{"href":"https:\/\/riteliteportablelighting.co.uk\/es\/wp-json\/wp\/v2\/pages"}],"about":[{"href":"https:\/\/riteliteportablelighting.co.uk\/es\/wp-json\/wp\/v2\/types\/page"}],"author":[{"embeddable":true,"href":"https:\/\/riteliteportablelighting.co.uk\/es\/wp-json\/wp\/v2\/users\/18"}],"replies":[{"embeddable":true,"href":"https:\/\/riteliteportablelighting.co.uk\/es\/wp-json\/wp\/v2\/comments?post=43179"}],"version-history":[{"count":1,"href":"https:\/\/riteliteportablelighting.co.uk\/es\/wp-json\/wp\/v2\/pages\/43179\/revisions"}],"predecessor-version":[{"id":175081,"href":"https:\/\/riteliteportablelighting.co.uk\/es\/wp-json\/wp\/v2\/pages\/43179\/revisions\/175081"}],"wp:attachment":[{"href":"https:\/\/riteliteportablelighting.co.uk\/es\/wp-json\/wp\/v2\/media?parent=43179"}],"curies":[{"name":"wp","href":"https:\/\/api.w.org\/{rel}","templated":true}]}}