{"id":43176,"date":"2021-11-08T13:31:25","date_gmt":"2021-11-08T13:31:25","guid":{"rendered":"https:\/\/riteliteportablelighting.co.uk\/declaracion-de-seguridad-y-salud\/"},"modified":"2026-03-02T10:56:59","modified_gmt":"2026-03-02T10:56:59","slug":"declaracion-de-seguridad-y-salud","status":"publish","type":"page","link":"https:\/\/riteliteportablelighting.co.uk\/es\/declaracion-de-seguridad-y-salud\/","title":{"rendered":"Declaraci\u00f3n de seguridad y salud"},"content":{"rendered":"<div class=\"fusion-fullwidth fullwidth-box fusion-builder-row-1 fusion-flex-container nonhundred-percent-fullwidth non-hundred-percent-height-scrolling\" style=\"--awb-border-radius-top-left:0px;--awb-border-radius-top-right:0px;--awb-border-radius-bottom-right:0px;--awb-border-radius-bottom-left:0px;--awb-padding-right:10%;--awb-padding-left:10%;--awb-flex-wrap:wrap;\" ><div class=\"fusion-builder-row fusion-row fusion-flex-align-items-flex-start fusion-flex-content-wrap\" style=\"max-width:1144px;margin-left: calc(-4% \/ 2 );margin-right: calc(-4% \/ 2 );\"><div class=\"fusion-layout-column fusion_builder_column fusion-builder-column-0 fusion_builder_column_1_1 1_1 fusion-flex-column\" style=\"--awb-bg-size:cover;--awb-width-large:100%;--awb-margin-top-large:0px;--awb-spacing-right-large:1.92%;--awb-margin-bottom-large:0px;--awb-spacing-left-large:1.92%;--awb-width-medium:100%;--awb-spacing-right-medium:1.92%;--awb-spacing-left-medium:1.92%;--awb-width-small:100%;--awb-spacing-right-small:1.92%;--awb-spacing-left-small:1.92%;\"><div class=\"fusion-column-wrapper fusion-flex-justify-content-flex-start fusion-content-layout-column\"><div class=\"fusion-text fusion-text-1\" style=\"--awb-text-transform:none;\"><h3>Declaraci\u00f3n de salud y seguridad<\/h3>\n<p>La siguiente declaraci\u00f3n de Salud y Seguridad en el trabajo se emite de acuerdo con la Secci\u00f3n a (3) de la Ley de Salud, Seguridad y Bienestar en el Trabajo de 1974 y es para informaci\u00f3n de todos los empleados.<\/p>\n<ol>\n<li>Ritelite Systems Ltd reconoce y acepta sus responsabilidades como empleador para proporcionar un entorno seguro y saludable para todos sus empleados y llevar a cabo su empresa sin riesgo para la salud y la seguridad de los dem\u00e1s.<\/li>\n<li>Ritelite Systems Ltd cumplir\u00e1 con sus responsabilidades en virtud de la ley anteriormente mencionada, prestando especial atenci\u00f3n a proporcionar:\n<ul>\n<li>Suficiente informaci\u00f3n, instrucci\u00f3n, formaci\u00f3n y supervisi\u00f3n para permitir a todos los empleados evitar riesgos y contribuir positivamente a su propia seguridad y salud en el trabajo.<\/li>\n<li>Un entorno de trabajo saludable y seguro.<\/li>\n<li>Instalaciones de seguridad adecuadas.<\/li>\n<li>Evaluaciones peri\u00f3dicas de los riesgos para valorar los peligros potenciales y el peligro para los empleados.<\/li>\n<li>Evaluaciones peri\u00f3dicas de COSHH (control de sustancias peligrosas).<\/li>\n<li>Evaluaciones peri\u00f3dicas de los equipos de pantalla.<\/li>\n<li>Mantenimiento de todos los equipos para evitar accidentes o lesiones a los empleados en el lugar de trabajo.<\/li>\n<\/ul>\n<\/li>\n<li>Ritelite Systems Ltd ser\u00e1 responsable de los asuntos relacionados con la salud y la seguridad de todos los empleados y de cualquier otra persona que pueda verse afectada por las actividades de Ritelite y se asegurar\u00e1 de que las medidas adoptadas cumplan con la legislaci\u00f3n vigente.<\/li>\n<li>Ritelite Systems Ltd espera que todos los empleados comprendan que la responsabilidad de la salud y la seguridad no es menor que la de cualquier otra funci\u00f3n y que respondan en consecuencia:\n<ul>\n<li>Cuidar responsablemente de su propia salud y seguridad y de la de los dem\u00e1s y cooperar con Ritelite para que pueda llevar a cabo sus propias responsabilidades con \u00e9xito.<\/li>\n<\/ul>\n<\/li>\n<li>Esta declaraci\u00f3n se revisar\u00e1 y modificar\u00e1 anualmente o cuando sea necesario y cualquier modificaci\u00f3n se pondr\u00e1 en conocimiento de todos los empleados.<\/li>\n<\/ol>\n<p>Firmado:<\/p>\n<p>Marcus Batty<br \/>\nManaging Director<\/p>\n<p>Date: 21\/06\/2024<\/p>\n<\/div><\/div><\/div><\/div><\/div>\n","protected":false},"excerpt":{"rendered":"","protected":false},"author":18,"featured_media":0,"parent":0,"menu_order":0,"comment_status":"closed","ping_status":"closed","template":"100-width.php","meta":{"footnotes":""},"class_list":["post-43176","page","type-page","status-publish","hentry"],"yoast_head":"<!-- This site is optimized with the Yoast SEO plugin v27.3 - https:\/\/yoast.com\/product\/yoast-seo-wordpress\/ -->\n<title>Declaraci\u00f3n de seguridad y salud - Ritelite Portable Lighting<\/title>\n<meta name=\"description\" content=\"Declaraci\u00f3n de salud y seguridad para la iluminaci\u00f3n port\u00e1til Ritelite\" \/>\n<meta name=\"robots\" content=\"index, follow, max-snippet:-1, max-image-preview:large, max-video-preview:-1\" \/>\n<link rel=\"canonical\" href=\"https:\/\/riteliteportablelighting.co.uk\/es\/declaracion-de-seguridad-y-salud\/\" \/>\n<meta property=\"og:locale\" content=\"es_ES\" \/>\n<meta property=\"og:type\" content=\"article\" \/>\n<meta property=\"og:title\" content=\"Declaraci\u00f3n de seguridad y salud - Ritelite Portable Lighting\" \/>\n<meta property=\"og:description\" content=\"Declaraci\u00f3n de salud y seguridad para la iluminaci\u00f3n port\u00e1til Ritelite\" \/>\n<meta property=\"og:url\" content=\"https:\/\/riteliteportablelighting.co.uk\/es\/declaracion-de-seguridad-y-salud\/\" \/>\n<meta property=\"og:site_name\" content=\"Ritelite Portable Lighting\" \/>\n<meta property=\"article:publisher\" content=\"https:\/\/www.facebook.com\/ritelitesystems\/\" \/>\n<meta property=\"article:modified_time\" content=\"2026-03-02T10:56:59+00:00\" \/>\n<meta property=\"og:image\" content=\"https:\/\/riteliteportablelighting.co.uk\/wp-content\/uploads\/2019\/04\/RPL-Logo-Black-300px.png\" \/>\n\t<meta property=\"og:image:width\" content=\"300\" \/>\n\t<meta property=\"og:image:height\" content=\"76\" \/>\n\t<meta property=\"og:image:type\" content=\"image\/png\" \/>\n<meta name=\"twitter:card\" content=\"summary_large_image\" \/>\n<meta name=\"twitter:site\" content=\"@Ritelitesystems\" \/>\n<meta name=\"twitter:label1\" content=\"Tiempo de lectura\" \/>\n\t<meta name=\"twitter:data1\" content=\"4 minuto\" \/>\n<script type=\"application\/ld+json\" class=\"yoast-schema-graph\">{\"@context\":\"https:\\\/\\\/schema.org\",\"@graph\":[{\"@type\":\"WebPage\",\"@id\":\"https:\\\/\\\/riteliteportablelighting.co.uk\\\/es\\\/declaracion-de-seguridad-y-salud\\\/\",\"url\":\"https:\\\/\\\/riteliteportablelighting.co.uk\\\/es\\\/declaracion-de-seguridad-y-salud\\\/\",\"name\":\"Declaraci\u00f3n de seguridad y salud - Ritelite Portable Lighting\",\"isPartOf\":{\"@id\":\"https:\\\/\\\/riteliteportablelighting.co.uk\\\/es\\\/#website\"},\"datePublished\":\"2021-11-08T13:31:25+00:00\",\"dateModified\":\"2026-03-02T10:56:59+00:00\",\"description\":\"Declaraci\u00f3n de salud y seguridad para la iluminaci\u00f3n port\u00e1til Ritelite\",\"breadcrumb\":{\"@id\":\"https:\\\/\\\/riteliteportablelighting.co.uk\\\/es\\\/declaracion-de-seguridad-y-salud\\\/#breadcrumb\"},\"inLanguage\":\"es\",\"potentialAction\":[{\"@type\":\"ReadAction\",\"target\":[\"https:\\\/\\\/riteliteportablelighting.co.uk\\\/es\\\/declaracion-de-seguridad-y-salud\\\/\"]}]},{\"@type\":\"BreadcrumbList\",\"@id\":\"https:\\\/\\\/riteliteportablelighting.co.uk\\\/es\\\/declaracion-de-seguridad-y-salud\\\/#breadcrumb\",\"itemListElement\":[{\"@type\":\"ListItem\",\"position\":1,\"name\":\"Home\",\"item\":\"https:\\\/\\\/riteliteportablelighting.co.uk\\\/es\\\/\"},{\"@type\":\"ListItem\",\"position\":2,\"name\":\"Declaraci\u00f3n de seguridad y salud\"}]},{\"@type\":\"WebSite\",\"@id\":\"https:\\\/\\\/riteliteportablelighting.co.uk\\\/es\\\/#website\",\"url\":\"https:\\\/\\\/riteliteportablelighting.co.uk\\\/es\\\/\",\"name\":\"Ritelite Portable Lighting\",\"description\":\"\",\"publisher\":{\"@id\":\"https:\\\/\\\/riteliteportablelighting.co.uk\\\/es\\\/#organization\"},\"potentialAction\":[{\"@type\":\"SearchAction\",\"target\":{\"@type\":\"EntryPoint\",\"urlTemplate\":\"https:\\\/\\\/riteliteportablelighting.co.uk\\\/es\\\/?s={search_term_string}\"},\"query-input\":{\"@type\":\"PropertyValueSpecification\",\"valueRequired\":true,\"valueName\":\"search_term_string\"}}],\"inLanguage\":\"es\"},{\"@type\":\"Organization\",\"@id\":\"https:\\\/\\\/riteliteportablelighting.co.uk\\\/es\\\/#organization\",\"name\":\"Ritelite Portable Lighting\",\"url\":\"https:\\\/\\\/riteliteportablelighting.co.uk\\\/es\\\/\",\"logo\":{\"@type\":\"ImageObject\",\"inLanguage\":\"es\",\"@id\":\"https:\\\/\\\/riteliteportablelighting.co.uk\\\/es\\\/#\\\/schema\\\/logo\\\/image\\\/\",\"url\":\"https:\\\/\\\/riteliteportablelighting.co.uk\\\/wp-content\\\/uploads\\\/2019\\\/04\\\/RPL-Logo-Black-400px.png\",\"contentUrl\":\"https:\\\/\\\/riteliteportablelighting.co.uk\\\/wp-content\\\/uploads\\\/2019\\\/04\\\/RPL-Logo-Black-400px.png\",\"width\":400,\"height\":101,\"caption\":\"Ritelite Portable Lighting\"},\"image\":{\"@id\":\"https:\\\/\\\/riteliteportablelighting.co.uk\\\/es\\\/#\\\/schema\\\/logo\\\/image\\\/\"},\"sameAs\":[\"https:\\\/\\\/www.facebook.com\\\/ritelitesystems\\\/\",\"https:\\\/\\\/x.com\\\/Ritelitesystems\",\"https:\\\/\\\/www.youtube.com\\\/user\\\/RiteliteSystems\"]}]}<\/script>\n<!-- \/ Yoast SEO plugin. -->","yoast_head_json":{"title":"Declaraci\u00f3n de seguridad y salud - Ritelite Portable Lighting","description":"Declaraci\u00f3n de salud y seguridad para la iluminaci\u00f3n port\u00e1til Ritelite","robots":{"index":"index","follow":"follow","max-snippet":"max-snippet:-1","max-image-preview":"max-image-preview:large","max-video-preview":"max-video-preview:-1"},"canonical":"https:\/\/riteliteportablelighting.co.uk\/es\/declaracion-de-seguridad-y-salud\/","og_locale":"es_ES","og_type":"article","og_title":"Declaraci\u00f3n de seguridad y salud - Ritelite Portable Lighting","og_description":"Declaraci\u00f3n de salud y seguridad para la iluminaci\u00f3n port\u00e1til Ritelite","og_url":"https:\/\/riteliteportablelighting.co.uk\/es\/declaracion-de-seguridad-y-salud\/","og_site_name":"Ritelite Portable Lighting","article_publisher":"https:\/\/www.facebook.com\/ritelitesystems\/","article_modified_time":"2026-03-02T10:56:59+00:00","og_image":[{"width":300,"height":76,"url":"https:\/\/riteliteportablelighting.co.uk\/wp-content\/uploads\/2019\/04\/RPL-Logo-Black-300px.png","type":"image\/png"}],"twitter_card":"summary_large_image","twitter_site":"@Ritelitesystems","twitter_misc":{"Tiempo de lectura":"4 minuto"},"schema":{"@context":"https:\/\/schema.org","@graph":[{"@type":"WebPage","@id":"https:\/\/riteliteportablelighting.co.uk\/es\/declaracion-de-seguridad-y-salud\/","url":"https:\/\/riteliteportablelighting.co.uk\/es\/declaracion-de-seguridad-y-salud\/","name":"Declaraci\u00f3n de seguridad y salud - Ritelite Portable Lighting","isPartOf":{"@id":"https:\/\/riteliteportablelighting.co.uk\/es\/#website"},"datePublished":"2021-11-08T13:31:25+00:00","dateModified":"2026-03-02T10:56:59+00:00","description":"Declaraci\u00f3n de salud y seguridad para la iluminaci\u00f3n port\u00e1til Ritelite","breadcrumb":{"@id":"https:\/\/riteliteportablelighting.co.uk\/es\/declaracion-de-seguridad-y-salud\/#breadcrumb"},"inLanguage":"es","potentialAction":[{"@type":"ReadAction","target":["https:\/\/riteliteportablelighting.co.uk\/es\/declaracion-de-seguridad-y-salud\/"]}]},{"@type":"BreadcrumbList","@id":"https:\/\/riteliteportablelighting.co.uk\/es\/declaracion-de-seguridad-y-salud\/#breadcrumb","itemListElement":[{"@type":"ListItem","position":1,"name":"Home","item":"https:\/\/riteliteportablelighting.co.uk\/es\/"},{"@type":"ListItem","position":2,"name":"Declaraci\u00f3n de seguridad y salud"}]},{"@type":"WebSite","@id":"https:\/\/riteliteportablelighting.co.uk\/es\/#website","url":"https:\/\/riteliteportablelighting.co.uk\/es\/","name":"Ritelite Portable Lighting","description":"","publisher":{"@id":"https:\/\/riteliteportablelighting.co.uk\/es\/#organization"},"potentialAction":[{"@type":"SearchAction","target":{"@type":"EntryPoint","urlTemplate":"https:\/\/riteliteportablelighting.co.uk\/es\/?s={search_term_string}"},"query-input":{"@type":"PropertyValueSpecification","valueRequired":true,"valueName":"search_term_string"}}],"inLanguage":"es"},{"@type":"Organization","@id":"https:\/\/riteliteportablelighting.co.uk\/es\/#organization","name":"Ritelite Portable Lighting","url":"https:\/\/riteliteportablelighting.co.uk\/es\/","logo":{"@type":"ImageObject","inLanguage":"es","@id":"https:\/\/riteliteportablelighting.co.uk\/es\/#\/schema\/logo\/image\/","url":"https:\/\/riteliteportablelighting.co.uk\/wp-content\/uploads\/2019\/04\/RPL-Logo-Black-400px.png","contentUrl":"https:\/\/riteliteportablelighting.co.uk\/wp-content\/uploads\/2019\/04\/RPL-Logo-Black-400px.png","width":400,"height":101,"caption":"Ritelite Portable Lighting"},"image":{"@id":"https:\/\/riteliteportablelighting.co.uk\/es\/#\/schema\/logo\/image\/"},"sameAs":["https:\/\/www.facebook.com\/ritelitesystems\/","https:\/\/x.com\/Ritelitesystems","https:\/\/www.youtube.com\/user\/RiteliteSystems"]}]}},"_links":{"self":[{"href":"https:\/\/riteliteportablelighting.co.uk\/es\/wp-json\/wp\/v2\/pages\/43176","targetHints":{"allow":["GET"]}}],"collection":[{"href":"https:\/\/riteliteportablelighting.co.uk\/es\/wp-json\/wp\/v2\/pages"}],"about":[{"href":"https:\/\/riteliteportablelighting.co.uk\/es\/wp-json\/wp\/v2\/types\/page"}],"author":[{"embeddable":true,"href":"https:\/\/riteliteportablelighting.co.uk\/es\/wp-json\/wp\/v2\/users\/18"}],"replies":[{"embeddable":true,"href":"https:\/\/riteliteportablelighting.co.uk\/es\/wp-json\/wp\/v2\/comments?post=43176"}],"version-history":[{"count":1,"href":"https:\/\/riteliteportablelighting.co.uk\/es\/wp-json\/wp\/v2\/pages\/43176\/revisions"}],"predecessor-version":[{"id":175084,"href":"https:\/\/riteliteportablelighting.co.uk\/es\/wp-json\/wp\/v2\/pages\/43176\/revisions\/175084"}],"wp:attachment":[{"href":"https:\/\/riteliteportablelighting.co.uk\/es\/wp-json\/wp\/v2\/media?parent=43176"}],"curies":[{"name":"wp","href":"https:\/\/api.w.org\/{rel}","templated":true}]}}