{"id":43170,"date":"2021-11-08T13:18:42","date_gmt":"2021-11-08T13:18:42","guid":{"rendered":"https:\/\/riteliteportablelighting.co.uk\/declaracion-de-politica-de-calidad\/"},"modified":"2026-03-02T10:56:59","modified_gmt":"2026-03-02T10:56:59","slug":"declaracion-de-politica-de-calidad","status":"publish","type":"page","link":"https:\/\/riteliteportablelighting.co.uk\/es\/declaracion-de-politica-de-calidad\/","title":{"rendered":"Declaraci\u00f3n de pol\u00edtica de calidad"},"content":{"rendered":"<div class=\"fusion-fullwidth fullwidth-box fusion-builder-row-1 fusion-flex-container nonhundred-percent-fullwidth non-hundred-percent-height-scrolling\" style=\"--awb-border-radius-top-left:0px;--awb-border-radius-top-right:0px;--awb-border-radius-bottom-right:0px;--awb-border-radius-bottom-left:0px;--awb-padding-right:10%;--awb-padding-left:10%;--awb-flex-wrap:wrap;\" ><div class=\"fusion-builder-row fusion-row fusion-flex-align-items-flex-start fusion-flex-content-wrap\" style=\"max-width:1144px;margin-left: calc(-4% \/ 2 );margin-right: calc(-4% \/ 2 );\"><div class=\"fusion-layout-column fusion_builder_column fusion-builder-column-0 fusion_builder_column_1_1 1_1 fusion-flex-column\" style=\"--awb-bg-size:cover;--awb-width-large:100%;--awb-margin-top-large:0px;--awb-spacing-right-large:1.92%;--awb-margin-bottom-large:0px;--awb-spacing-left-large:1.92%;--awb-width-medium:100%;--awb-spacing-right-medium:1.92%;--awb-spacing-left-medium:1.92%;--awb-width-small:100%;--awb-spacing-right-small:1.92%;--awb-spacing-left-small:1.92%;\"><div class=\"fusion-column-wrapper fusion-flex-justify-content-flex-start fusion-content-layout-column\"><div class=\"fusion-text fusion-text-1\" style=\"--awb-text-transform:none;\"><h3>Declaraci\u00f3n de pol\u00edtica de calidad<\/h3>\n<p>La pol\u00edtica de nuestra empresa es ofrecer a nuestros clientes un alto nivel de calidad y servicio al mejor precio.<br \/>\nNuestro objetivo es ofrecer a nuestros clientes la seguridad de que todo lo que nos comprometemos a hacer se har\u00e1 con precisi\u00f3n y eficacia y cumplir\u00e1 plenamente los requisitos reglamentarios.<br \/>\nPara alcanzar este objetivo hemos desarrollado un sistema de pr\u00e1cticas de calidad que todos los empleados de la empresa mantendr\u00e1n y mejorar\u00e1n para aumentar nuestro rendimiento.<br \/>\nCreemos que es nuestro deber comunicar y comprender los requisitos de nuestros clientes y asesorarles, si es necesario, sobre la forma m\u00e1s razonable y rentable de llevar a cabo cualquier trabajo o suministro de equipos que realicemos para ellos.<br \/>\nNuestro rendimiento como empresa depende de unos elevados niveles de servicio al cliente y se medir\u00e1 y analizar\u00e1 junto con las opiniones de los clientes. Se tomar\u00e1n medidas continuamente para mejorar el rendimiento de la empresa mediante el establecimiento y la revisi\u00f3n de objetivos.<br \/>\nReconocemos que para lograr nuestro objetivo de ser una empresa l\u00edder en nuestro campo necesitamos cumplir la Norma de Sistema de Gesti\u00f3n de Calidad especificada por BS EN ISO 9001:2015. El Sistema de Gesti\u00f3n Empresarial de la empresa define nuestros objetivos de calidad y procedimientos clave y, para garantizar que la empresa mantiene su conciencia de mejora continua, el sistema de calidad se revisa peri\u00f3dicamente y se somete a una auditor\u00eda anual.<br \/>\nLos requisitos del sistema de calidad de la empresa son obligatorios y todo el personal de la empresa tiene la responsabilidad y la obligaci\u00f3n de cumplirlos.<\/p>\n<p>Firmado:<br \/>\nMarcus Batty<br \/>\nManaging Director<\/p>\n<p>Date: 21\/06\/2024<\/p>\n<\/div><\/div><\/div><\/div><\/div>\n","protected":false},"excerpt":{"rendered":"","protected":false},"author":18,"featured_media":0,"parent":0,"menu_order":0,"comment_status":"closed","ping_status":"closed","template":"100-width.php","meta":{"footnotes":""},"class_list":["post-43170","page","type-page","status-publish","hentry"],"yoast_head":"<!-- This site is optimized with the Yoast SEO plugin v27.3 - https:\/\/yoast.com\/product\/yoast-seo-wordpress\/ -->\n<title>Declaraci\u00f3n de pol\u00edtica de calidad - Ritelite Portable Lighting<\/title>\n<meta name=\"description\" content=\"Declaraci\u00f3n de pol\u00edtica de calidad de Ritelite Portable Lighting\" \/>\n<meta name=\"robots\" content=\"index, follow, max-snippet:-1, max-image-preview:large, max-video-preview:-1\" \/>\n<link rel=\"canonical\" href=\"https:\/\/riteliteportablelighting.co.uk\/es\/declaracion-de-politica-de-calidad\/\" \/>\n<meta property=\"og:locale\" content=\"es_ES\" \/>\n<meta property=\"og:type\" content=\"article\" \/>\n<meta property=\"og:title\" content=\"Declaraci\u00f3n de pol\u00edtica de calidad - Ritelite Portable Lighting\" \/>\n<meta property=\"og:description\" content=\"Declaraci\u00f3n de pol\u00edtica de calidad de Ritelite Portable Lighting\" \/>\n<meta property=\"og:url\" content=\"https:\/\/riteliteportablelighting.co.uk\/es\/declaracion-de-politica-de-calidad\/\" \/>\n<meta property=\"og:site_name\" content=\"Ritelite Portable Lighting\" \/>\n<meta property=\"article:publisher\" content=\"https:\/\/www.facebook.com\/ritelitesystems\/\" \/>\n<meta property=\"article:modified_time\" content=\"2026-03-02T10:56:59+00:00\" \/>\n<meta property=\"og:image\" content=\"https:\/\/riteliteportablelighting.co.uk\/wp-content\/uploads\/2019\/04\/RPL-Logo-Black-300px.png\" \/>\n\t<meta property=\"og:image:width\" content=\"300\" \/>\n\t<meta property=\"og:image:height\" content=\"76\" \/>\n\t<meta property=\"og:image:type\" content=\"image\/png\" \/>\n<meta name=\"twitter:card\" content=\"summary_large_image\" \/>\n<meta name=\"twitter:site\" content=\"@Ritelitesystems\" \/>\n<meta name=\"twitter:label1\" content=\"Tiempo de lectura\" \/>\n\t<meta name=\"twitter:data1\" content=\"4 minuto\" \/>\n<script type=\"application\/ld+json\" class=\"yoast-schema-graph\">{\"@context\":\"https:\\\/\\\/schema.org\",\"@graph\":[{\"@type\":\"WebPage\",\"@id\":\"https:\\\/\\\/riteliteportablelighting.co.uk\\\/es\\\/declaracion-de-politica-de-calidad\\\/\",\"url\":\"https:\\\/\\\/riteliteportablelighting.co.uk\\\/es\\\/declaracion-de-politica-de-calidad\\\/\",\"name\":\"Declaraci\u00f3n de pol\u00edtica de calidad - Ritelite Portable Lighting\",\"isPartOf\":{\"@id\":\"https:\\\/\\\/riteliteportablelighting.co.uk\\\/es\\\/#website\"},\"datePublished\":\"2021-11-08T13:18:42+00:00\",\"dateModified\":\"2026-03-02T10:56:59+00:00\",\"description\":\"Declaraci\u00f3n de pol\u00edtica de calidad de Ritelite Portable Lighting\",\"breadcrumb\":{\"@id\":\"https:\\\/\\\/riteliteportablelighting.co.uk\\\/es\\\/declaracion-de-politica-de-calidad\\\/#breadcrumb\"},\"inLanguage\":\"es\",\"potentialAction\":[{\"@type\":\"ReadAction\",\"target\":[\"https:\\\/\\\/riteliteportablelighting.co.uk\\\/es\\\/declaracion-de-politica-de-calidad\\\/\"]}]},{\"@type\":\"BreadcrumbList\",\"@id\":\"https:\\\/\\\/riteliteportablelighting.co.uk\\\/es\\\/declaracion-de-politica-de-calidad\\\/#breadcrumb\",\"itemListElement\":[{\"@type\":\"ListItem\",\"position\":1,\"name\":\"Home\",\"item\":\"https:\\\/\\\/riteliteportablelighting.co.uk\\\/es\\\/\"},{\"@type\":\"ListItem\",\"position\":2,\"name\":\"Declaraci\u00f3n de pol\u00edtica de calidad\"}]},{\"@type\":\"WebSite\",\"@id\":\"https:\\\/\\\/riteliteportablelighting.co.uk\\\/es\\\/#website\",\"url\":\"https:\\\/\\\/riteliteportablelighting.co.uk\\\/es\\\/\",\"name\":\"Ritelite Portable Lighting\",\"description\":\"\",\"publisher\":{\"@id\":\"https:\\\/\\\/riteliteportablelighting.co.uk\\\/es\\\/#organization\"},\"potentialAction\":[{\"@type\":\"SearchAction\",\"target\":{\"@type\":\"EntryPoint\",\"urlTemplate\":\"https:\\\/\\\/riteliteportablelighting.co.uk\\\/es\\\/?s={search_term_string}\"},\"query-input\":{\"@type\":\"PropertyValueSpecification\",\"valueRequired\":true,\"valueName\":\"search_term_string\"}}],\"inLanguage\":\"es\"},{\"@type\":\"Organization\",\"@id\":\"https:\\\/\\\/riteliteportablelighting.co.uk\\\/es\\\/#organization\",\"name\":\"Ritelite Portable Lighting\",\"url\":\"https:\\\/\\\/riteliteportablelighting.co.uk\\\/es\\\/\",\"logo\":{\"@type\":\"ImageObject\",\"inLanguage\":\"es\",\"@id\":\"https:\\\/\\\/riteliteportablelighting.co.uk\\\/es\\\/#\\\/schema\\\/logo\\\/image\\\/\",\"url\":\"https:\\\/\\\/riteliteportablelighting.co.uk\\\/wp-content\\\/uploads\\\/2019\\\/04\\\/RPL-Logo-Black-400px.png\",\"contentUrl\":\"https:\\\/\\\/riteliteportablelighting.co.uk\\\/wp-content\\\/uploads\\\/2019\\\/04\\\/RPL-Logo-Black-400px.png\",\"width\":400,\"height\":101,\"caption\":\"Ritelite Portable Lighting\"},\"image\":{\"@id\":\"https:\\\/\\\/riteliteportablelighting.co.uk\\\/es\\\/#\\\/schema\\\/logo\\\/image\\\/\"},\"sameAs\":[\"https:\\\/\\\/www.facebook.com\\\/ritelitesystems\\\/\",\"https:\\\/\\\/x.com\\\/Ritelitesystems\",\"https:\\\/\\\/www.youtube.com\\\/user\\\/RiteliteSystems\"]}]}<\/script>\n<!-- \/ Yoast SEO plugin. -->","yoast_head_json":{"title":"Declaraci\u00f3n de pol\u00edtica de calidad - Ritelite Portable Lighting","description":"Declaraci\u00f3n de pol\u00edtica de calidad de Ritelite Portable Lighting","robots":{"index":"index","follow":"follow","max-snippet":"max-snippet:-1","max-image-preview":"max-image-preview:large","max-video-preview":"max-video-preview:-1"},"canonical":"https:\/\/riteliteportablelighting.co.uk\/es\/declaracion-de-politica-de-calidad\/","og_locale":"es_ES","og_type":"article","og_title":"Declaraci\u00f3n de pol\u00edtica de calidad - Ritelite Portable Lighting","og_description":"Declaraci\u00f3n de pol\u00edtica de calidad de Ritelite Portable Lighting","og_url":"https:\/\/riteliteportablelighting.co.uk\/es\/declaracion-de-politica-de-calidad\/","og_site_name":"Ritelite Portable Lighting","article_publisher":"https:\/\/www.facebook.com\/ritelitesystems\/","article_modified_time":"2026-03-02T10:56:59+00:00","og_image":[{"width":300,"height":76,"url":"https:\/\/riteliteportablelighting.co.uk\/wp-content\/uploads\/2019\/04\/RPL-Logo-Black-300px.png","type":"image\/png"}],"twitter_card":"summary_large_image","twitter_site":"@Ritelitesystems","twitter_misc":{"Tiempo de lectura":"4 minuto"},"schema":{"@context":"https:\/\/schema.org","@graph":[{"@type":"WebPage","@id":"https:\/\/riteliteportablelighting.co.uk\/es\/declaracion-de-politica-de-calidad\/","url":"https:\/\/riteliteportablelighting.co.uk\/es\/declaracion-de-politica-de-calidad\/","name":"Declaraci\u00f3n de pol\u00edtica de calidad - Ritelite Portable Lighting","isPartOf":{"@id":"https:\/\/riteliteportablelighting.co.uk\/es\/#website"},"datePublished":"2021-11-08T13:18:42+00:00","dateModified":"2026-03-02T10:56:59+00:00","description":"Declaraci\u00f3n de pol\u00edtica de calidad de Ritelite Portable Lighting","breadcrumb":{"@id":"https:\/\/riteliteportablelighting.co.uk\/es\/declaracion-de-politica-de-calidad\/#breadcrumb"},"inLanguage":"es","potentialAction":[{"@type":"ReadAction","target":["https:\/\/riteliteportablelighting.co.uk\/es\/declaracion-de-politica-de-calidad\/"]}]},{"@type":"BreadcrumbList","@id":"https:\/\/riteliteportablelighting.co.uk\/es\/declaracion-de-politica-de-calidad\/#breadcrumb","itemListElement":[{"@type":"ListItem","position":1,"name":"Home","item":"https:\/\/riteliteportablelighting.co.uk\/es\/"},{"@type":"ListItem","position":2,"name":"Declaraci\u00f3n de pol\u00edtica de calidad"}]},{"@type":"WebSite","@id":"https:\/\/riteliteportablelighting.co.uk\/es\/#website","url":"https:\/\/riteliteportablelighting.co.uk\/es\/","name":"Ritelite Portable Lighting","description":"","publisher":{"@id":"https:\/\/riteliteportablelighting.co.uk\/es\/#organization"},"potentialAction":[{"@type":"SearchAction","target":{"@type":"EntryPoint","urlTemplate":"https:\/\/riteliteportablelighting.co.uk\/es\/?s={search_term_string}"},"query-input":{"@type":"PropertyValueSpecification","valueRequired":true,"valueName":"search_term_string"}}],"inLanguage":"es"},{"@type":"Organization","@id":"https:\/\/riteliteportablelighting.co.uk\/es\/#organization","name":"Ritelite Portable Lighting","url":"https:\/\/riteliteportablelighting.co.uk\/es\/","logo":{"@type":"ImageObject","inLanguage":"es","@id":"https:\/\/riteliteportablelighting.co.uk\/es\/#\/schema\/logo\/image\/","url":"https:\/\/riteliteportablelighting.co.uk\/wp-content\/uploads\/2019\/04\/RPL-Logo-Black-400px.png","contentUrl":"https:\/\/riteliteportablelighting.co.uk\/wp-content\/uploads\/2019\/04\/RPL-Logo-Black-400px.png","width":400,"height":101,"caption":"Ritelite Portable Lighting"},"image":{"@id":"https:\/\/riteliteportablelighting.co.uk\/es\/#\/schema\/logo\/image\/"},"sameAs":["https:\/\/www.facebook.com\/ritelitesystems\/","https:\/\/x.com\/Ritelitesystems","https:\/\/www.youtube.com\/user\/RiteliteSystems"]}]}},"_links":{"self":[{"href":"https:\/\/riteliteportablelighting.co.uk\/es\/wp-json\/wp\/v2\/pages\/43170","targetHints":{"allow":["GET"]}}],"collection":[{"href":"https:\/\/riteliteportablelighting.co.uk\/es\/wp-json\/wp\/v2\/pages"}],"about":[{"href":"https:\/\/riteliteportablelighting.co.uk\/es\/wp-json\/wp\/v2\/types\/page"}],"author":[{"embeddable":true,"href":"https:\/\/riteliteportablelighting.co.uk\/es\/wp-json\/wp\/v2\/users\/18"}],"replies":[{"embeddable":true,"href":"https:\/\/riteliteportablelighting.co.uk\/es\/wp-json\/wp\/v2\/comments?post=43170"}],"version-history":[{"count":1,"href":"https:\/\/riteliteportablelighting.co.uk\/es\/wp-json\/wp\/v2\/pages\/43170\/revisions"}],"predecessor-version":[{"id":175087,"href":"https:\/\/riteliteportablelighting.co.uk\/es\/wp-json\/wp\/v2\/pages\/43170\/revisions\/175087"}],"wp:attachment":[{"href":"https:\/\/riteliteportablelighting.co.uk\/es\/wp-json\/wp\/v2\/media?parent=43170"}],"curies":[{"name":"wp","href":"https:\/\/api.w.org\/{rel}","templated":true}]}}