{"id":43201,"date":"2021-11-08T14:09:04","date_gmt":"2021-11-08T14:09:04","guid":{"rendered":"https:\/\/riteliteportablelighting.co.uk\/erklaerung-zur-qualitaetspolitik\/"},"modified":"2026-03-02T10:56:59","modified_gmt":"2026-03-02T10:56:59","slug":"erklaerung-zur-qualitaetspolitik","status":"publish","type":"page","link":"https:\/\/riteliteportablelighting.co.uk\/de\/erklaerung-zur-qualitaetspolitik\/","title":{"rendered":"Erkl\u00e4rung zur Qualit\u00e4tspolitik"},"content":{"rendered":"<div class=\"fusion-fullwidth fullwidth-box fusion-builder-row-1 fusion-flex-container nonhundred-percent-fullwidth non-hundred-percent-height-scrolling\" style=\"--awb-border-radius-top-left:0px;--awb-border-radius-top-right:0px;--awb-border-radius-bottom-right:0px;--awb-border-radius-bottom-left:0px;--awb-padding-right:10%;--awb-padding-left:10%;--awb-flex-wrap:wrap;\" ><div class=\"fusion-builder-row fusion-row fusion-flex-align-items-flex-start fusion-flex-content-wrap\" style=\"max-width:1144px;margin-left: calc(-4% \/ 2 );margin-right: calc(-4% \/ 2 );\"><div class=\"fusion-layout-column fusion_builder_column fusion-builder-column-0 fusion_builder_column_1_1 1_1 fusion-flex-column\" style=\"--awb-bg-size:cover;--awb-width-large:100%;--awb-margin-top-large:0px;--awb-spacing-right-large:1.92%;--awb-margin-bottom-large:0px;--awb-spacing-left-large:1.92%;--awb-width-medium:100%;--awb-spacing-right-medium:1.92%;--awb-spacing-left-medium:1.92%;--awb-width-small:100%;--awb-spacing-right-small:1.92%;--awb-spacing-left-small:1.92%;\"><div class=\"fusion-column-wrapper fusion-flex-justify-content-flex-start fusion-content-layout-column\"><div class=\"fusion-text fusion-text-1\" style=\"--awb-text-transform:none;\"><h3>Qualit\u00e4tspolitische Erkl\u00e4rung<\/h3>\n<p>Es ist unsere Unternehmenspolitik, unseren Kunden hohe Qualit\u00e4ts- und Servicestandards zum besten Preis zu bieten.<br \/>\nUnser Ziel ist es, unseren Kunden die Gewissheit zu geben, dass alles, was wir zu tun versprechen, genau und effizient ausgef\u00fchrt wird und die gesetzlichen Anforderungen vollst\u00e4ndig erf\u00fcllt werden.<br \/>\nUm dieses Ziel zu erreichen, haben wir ein System von Qualit\u00e4tspraktiken entwickelt, das alle Mitarbeiter des Unternehmens aufrechterhalten und verbessern werden, um unsere Leistung zu steigern.<br \/>\nWir sind der Meinung, dass es unsere Pflicht ist, die Anforderungen unserer Kunden zu kommunizieren und zu verstehen und sie, falls erforderlich, \u00fcber die kosteng\u00fcnstigste Art und Weise zu beraten, alle Arbeiten oder Ausr\u00fcstungslieferungen auszuf\u00fchren, die wir f\u00fcr sie \u00fcbernehmen.<br \/>\nUnsere Leistung als Unternehmen h\u00e4ngt von hohen Standards im Kundenservice ab und wird in Verbindung mit Kundenfeedback gemessen und analysiert. Es werden kontinuierlich Ma\u00dfnahmen ergriffen, um die Leistung des Unternehmens durch die Festlegung und \u00dcberpr\u00fcfung von Zielen zu verbessern.<br \/>\nWir sind uns bewusst, dass wir zur Erreichung unseres Ziels, ein f\u00fchrendes Unternehmen in unserem Bereich zu sein, die Norm des Qualit\u00e4tsmanagementsystems nach BS EN ISO 9001:2015 erf\u00fcllen m\u00fcssen. Das Gesch\u00e4ftsmanagementsystem des Unternehmens legt unsere Qualit\u00e4tsziele und Schl\u00fcsselverfahren fest. Um sicherzustellen, dass das Unternehmen sein Bewusstsein f\u00fcr kontinuierliche Verbesserung aufrechterh\u00e4lt, wird das Qualit\u00e4tssystem regelm\u00e4\u00dfig \u00fcberpr\u00fcft und unterliegt einer j\u00e4hrlichen Pr\u00fcfung.<br \/>\nDie Anforderungen des Qualit\u00e4tssicherungssystems des Unternehmens sind verbindlich und alle Mitarbeiter des Unternehmens sind daf\u00fcr verantwortlich und verpflichtet.<\/p>\n<p>Unterzeichnet:<br \/>\nMarcus Batty<br \/>\nManaging Director<\/p>\n<p>Date: 21\/06\/2024<\/p>\n<\/div><\/div><\/div><\/div><\/div>\n","protected":false},"excerpt":{"rendered":"","protected":false},"author":18,"featured_media":0,"parent":0,"menu_order":0,"comment_status":"closed","ping_status":"closed","template":"100-width.php","meta":{"footnotes":""},"class_list":["post-43201","page","type-page","status-publish","hentry"],"yoast_head":"<!-- This site is optimized with the Yoast SEO plugin v27.3 - https:\/\/yoast.com\/product\/yoast-seo-wordpress\/ -->\n<title>Erkl\u00e4rung zur Qualit\u00e4tspolitik - Ritelite Portable Lighting<\/title>\n<meta name=\"description\" content=\"Erkl\u00e4rung zur Qualit\u00e4tspolitik f\u00fcr Ritelite Portable Lighting\" \/>\n<meta name=\"robots\" content=\"index, follow, max-snippet:-1, max-image-preview:large, max-video-preview:-1\" \/>\n<link rel=\"canonical\" href=\"https:\/\/riteliteportablelighting.co.uk\/de\/erklaerung-zur-qualitaetspolitik\/\" \/>\n<meta property=\"og:locale\" content=\"de_DE\" \/>\n<meta property=\"og:type\" content=\"article\" \/>\n<meta property=\"og:title\" content=\"Erkl\u00e4rung zur Qualit\u00e4tspolitik - Ritelite Portable Lighting\" \/>\n<meta property=\"og:description\" content=\"Erkl\u00e4rung zur Qualit\u00e4tspolitik f\u00fcr Ritelite Portable Lighting\" \/>\n<meta property=\"og:url\" content=\"https:\/\/riteliteportablelighting.co.uk\/de\/erklaerung-zur-qualitaetspolitik\/\" \/>\n<meta property=\"og:site_name\" content=\"Ritelite Portable Lighting\" \/>\n<meta property=\"article:publisher\" content=\"https:\/\/www.facebook.com\/ritelitesystems\/\" \/>\n<meta property=\"article:modified_time\" content=\"2026-03-02T10:56:59+00:00\" \/>\n<meta property=\"og:image\" content=\"https:\/\/riteliteportablelighting.co.uk\/wp-content\/uploads\/2019\/04\/RPL-Logo-Black-300px.png\" \/>\n\t<meta property=\"og:image:width\" content=\"300\" \/>\n\t<meta property=\"og:image:height\" content=\"76\" \/>\n\t<meta property=\"og:image:type\" content=\"image\/png\" \/>\n<meta name=\"twitter:card\" content=\"summary_large_image\" \/>\n<meta name=\"twitter:site\" content=\"@Ritelitesystems\" \/>\n<meta name=\"twitter:label1\" content=\"Gesch\u00e4tzte Lesezeit\" \/>\n\t<meta name=\"twitter:data1\" content=\"4\u00a0Minute\" \/>\n<script type=\"application\/ld+json\" class=\"yoast-schema-graph\">{\"@context\":\"https:\\\/\\\/schema.org\",\"@graph\":[{\"@type\":\"WebPage\",\"@id\":\"https:\\\/\\\/riteliteportablelighting.co.uk\\\/de\\\/erklaerung-zur-qualitaetspolitik\\\/\",\"url\":\"https:\\\/\\\/riteliteportablelighting.co.uk\\\/de\\\/erklaerung-zur-qualitaetspolitik\\\/\",\"name\":\"Erkl\u00e4rung zur Qualit\u00e4tspolitik - Ritelite Portable Lighting\",\"isPartOf\":{\"@id\":\"https:\\\/\\\/riteliteportablelighting.co.uk\\\/de\\\/#website\"},\"datePublished\":\"2021-11-08T14:09:04+00:00\",\"dateModified\":\"2026-03-02T10:56:59+00:00\",\"description\":\"Erkl\u00e4rung zur Qualit\u00e4tspolitik f\u00fcr Ritelite Portable Lighting\",\"breadcrumb\":{\"@id\":\"https:\\\/\\\/riteliteportablelighting.co.uk\\\/de\\\/erklaerung-zur-qualitaetspolitik\\\/#breadcrumb\"},\"inLanguage\":\"de\",\"potentialAction\":[{\"@type\":\"ReadAction\",\"target\":[\"https:\\\/\\\/riteliteportablelighting.co.uk\\\/de\\\/erklaerung-zur-qualitaetspolitik\\\/\"]}]},{\"@type\":\"BreadcrumbList\",\"@id\":\"https:\\\/\\\/riteliteportablelighting.co.uk\\\/de\\\/erklaerung-zur-qualitaetspolitik\\\/#breadcrumb\",\"itemListElement\":[{\"@type\":\"ListItem\",\"position\":1,\"name\":\"Home\",\"item\":\"https:\\\/\\\/riteliteportablelighting.co.uk\\\/de\\\/\"},{\"@type\":\"ListItem\",\"position\":2,\"name\":\"Erkl\u00e4rung zur Qualit\u00e4tspolitik\"}]},{\"@type\":\"WebSite\",\"@id\":\"https:\\\/\\\/riteliteportablelighting.co.uk\\\/de\\\/#website\",\"url\":\"https:\\\/\\\/riteliteportablelighting.co.uk\\\/de\\\/\",\"name\":\"Ritelite Portable Lighting\",\"description\":\"\",\"publisher\":{\"@id\":\"https:\\\/\\\/riteliteportablelighting.co.uk\\\/de\\\/#organization\"},\"potentialAction\":[{\"@type\":\"SearchAction\",\"target\":{\"@type\":\"EntryPoint\",\"urlTemplate\":\"https:\\\/\\\/riteliteportablelighting.co.uk\\\/de\\\/?s={search_term_string}\"},\"query-input\":{\"@type\":\"PropertyValueSpecification\",\"valueRequired\":true,\"valueName\":\"search_term_string\"}}],\"inLanguage\":\"de\"},{\"@type\":\"Organization\",\"@id\":\"https:\\\/\\\/riteliteportablelighting.co.uk\\\/de\\\/#organization\",\"name\":\"Ritelite Portable Lighting\",\"url\":\"https:\\\/\\\/riteliteportablelighting.co.uk\\\/de\\\/\",\"logo\":{\"@type\":\"ImageObject\",\"inLanguage\":\"de\",\"@id\":\"https:\\\/\\\/riteliteportablelighting.co.uk\\\/de\\\/#\\\/schema\\\/logo\\\/image\\\/\",\"url\":\"https:\\\/\\\/riteliteportablelighting.co.uk\\\/wp-content\\\/uploads\\\/2019\\\/04\\\/RPL-Logo-Black-400px.png\",\"contentUrl\":\"https:\\\/\\\/riteliteportablelighting.co.uk\\\/wp-content\\\/uploads\\\/2019\\\/04\\\/RPL-Logo-Black-400px.png\",\"width\":400,\"height\":101,\"caption\":\"Ritelite Portable Lighting\"},\"image\":{\"@id\":\"https:\\\/\\\/riteliteportablelighting.co.uk\\\/de\\\/#\\\/schema\\\/logo\\\/image\\\/\"},\"sameAs\":[\"https:\\\/\\\/www.facebook.com\\\/ritelitesystems\\\/\",\"https:\\\/\\\/x.com\\\/Ritelitesystems\",\"https:\\\/\\\/www.youtube.com\\\/user\\\/RiteliteSystems\"]}]}<\/script>\n<!-- \/ Yoast SEO plugin. -->","yoast_head_json":{"title":"Erkl\u00e4rung zur Qualit\u00e4tspolitik - Ritelite Portable Lighting","description":"Erkl\u00e4rung zur Qualit\u00e4tspolitik f\u00fcr Ritelite Portable Lighting","robots":{"index":"index","follow":"follow","max-snippet":"max-snippet:-1","max-image-preview":"max-image-preview:large","max-video-preview":"max-video-preview:-1"},"canonical":"https:\/\/riteliteportablelighting.co.uk\/de\/erklaerung-zur-qualitaetspolitik\/","og_locale":"de_DE","og_type":"article","og_title":"Erkl\u00e4rung zur Qualit\u00e4tspolitik - Ritelite Portable Lighting","og_description":"Erkl\u00e4rung zur Qualit\u00e4tspolitik f\u00fcr Ritelite Portable Lighting","og_url":"https:\/\/riteliteportablelighting.co.uk\/de\/erklaerung-zur-qualitaetspolitik\/","og_site_name":"Ritelite Portable Lighting","article_publisher":"https:\/\/www.facebook.com\/ritelitesystems\/","article_modified_time":"2026-03-02T10:56:59+00:00","og_image":[{"width":300,"height":76,"url":"https:\/\/riteliteportablelighting.co.uk\/wp-content\/uploads\/2019\/04\/RPL-Logo-Black-300px.png","type":"image\/png"}],"twitter_card":"summary_large_image","twitter_site":"@Ritelitesystems","twitter_misc":{"Gesch\u00e4tzte Lesezeit":"4\u00a0Minute"},"schema":{"@context":"https:\/\/schema.org","@graph":[{"@type":"WebPage","@id":"https:\/\/riteliteportablelighting.co.uk\/de\/erklaerung-zur-qualitaetspolitik\/","url":"https:\/\/riteliteportablelighting.co.uk\/de\/erklaerung-zur-qualitaetspolitik\/","name":"Erkl\u00e4rung zur Qualit\u00e4tspolitik - Ritelite Portable Lighting","isPartOf":{"@id":"https:\/\/riteliteportablelighting.co.uk\/de\/#website"},"datePublished":"2021-11-08T14:09:04+00:00","dateModified":"2026-03-02T10:56:59+00:00","description":"Erkl\u00e4rung zur Qualit\u00e4tspolitik f\u00fcr Ritelite Portable Lighting","breadcrumb":{"@id":"https:\/\/riteliteportablelighting.co.uk\/de\/erklaerung-zur-qualitaetspolitik\/#breadcrumb"},"inLanguage":"de","potentialAction":[{"@type":"ReadAction","target":["https:\/\/riteliteportablelighting.co.uk\/de\/erklaerung-zur-qualitaetspolitik\/"]}]},{"@type":"BreadcrumbList","@id":"https:\/\/riteliteportablelighting.co.uk\/de\/erklaerung-zur-qualitaetspolitik\/#breadcrumb","itemListElement":[{"@type":"ListItem","position":1,"name":"Home","item":"https:\/\/riteliteportablelighting.co.uk\/de\/"},{"@type":"ListItem","position":2,"name":"Erkl\u00e4rung zur Qualit\u00e4tspolitik"}]},{"@type":"WebSite","@id":"https:\/\/riteliteportablelighting.co.uk\/de\/#website","url":"https:\/\/riteliteportablelighting.co.uk\/de\/","name":"Ritelite Portable Lighting","description":"","publisher":{"@id":"https:\/\/riteliteportablelighting.co.uk\/de\/#organization"},"potentialAction":[{"@type":"SearchAction","target":{"@type":"EntryPoint","urlTemplate":"https:\/\/riteliteportablelighting.co.uk\/de\/?s={search_term_string}"},"query-input":{"@type":"PropertyValueSpecification","valueRequired":true,"valueName":"search_term_string"}}],"inLanguage":"de"},{"@type":"Organization","@id":"https:\/\/riteliteportablelighting.co.uk\/de\/#organization","name":"Ritelite Portable Lighting","url":"https:\/\/riteliteportablelighting.co.uk\/de\/","logo":{"@type":"ImageObject","inLanguage":"de","@id":"https:\/\/riteliteportablelighting.co.uk\/de\/#\/schema\/logo\/image\/","url":"https:\/\/riteliteportablelighting.co.uk\/wp-content\/uploads\/2019\/04\/RPL-Logo-Black-400px.png","contentUrl":"https:\/\/riteliteportablelighting.co.uk\/wp-content\/uploads\/2019\/04\/RPL-Logo-Black-400px.png","width":400,"height":101,"caption":"Ritelite Portable Lighting"},"image":{"@id":"https:\/\/riteliteportablelighting.co.uk\/de\/#\/schema\/logo\/image\/"},"sameAs":["https:\/\/www.facebook.com\/ritelitesystems\/","https:\/\/x.com\/Ritelitesystems","https:\/\/www.youtube.com\/user\/RiteliteSystems"]}]}},"_links":{"self":[{"href":"https:\/\/riteliteportablelighting.co.uk\/de\/wp-json\/wp\/v2\/pages\/43201","targetHints":{"allow":["GET"]}}],"collection":[{"href":"https:\/\/riteliteportablelighting.co.uk\/de\/wp-json\/wp\/v2\/pages"}],"about":[{"href":"https:\/\/riteliteportablelighting.co.uk\/de\/wp-json\/wp\/v2\/types\/page"}],"author":[{"embeddable":true,"href":"https:\/\/riteliteportablelighting.co.uk\/de\/wp-json\/wp\/v2\/users\/18"}],"replies":[{"embeddable":true,"href":"https:\/\/riteliteportablelighting.co.uk\/de\/wp-json\/wp\/v2\/comments?post=43201"}],"version-history":[{"count":1,"href":"https:\/\/riteliteportablelighting.co.uk\/de\/wp-json\/wp\/v2\/pages\/43201\/revisions"}],"predecessor-version":[{"id":175086,"href":"https:\/\/riteliteportablelighting.co.uk\/de\/wp-json\/wp\/v2\/pages\/43201\/revisions\/175086"}],"wp:attachment":[{"href":"https:\/\/riteliteportablelighting.co.uk\/de\/wp-json\/wp\/v2\/media?parent=43201"}],"curies":[{"name":"wp","href":"https:\/\/api.w.org\/{rel}","templated":true}]}}