{"id":43188,"date":"2021-11-08T13:56:54","date_gmt":"2021-11-08T13:56:54","guid":{"rendered":"https:\/\/riteliteportablelighting.co.uk\/erklaerung-zu-gesundheit-und-sicherheit\/"},"modified":"2026-03-02T10:56:59","modified_gmt":"2026-03-02T10:56:59","slug":"erklaerung-zu-gesundheit-und-sicherheit","status":"publish","type":"page","link":"https:\/\/riteliteportablelighting.co.uk\/de\/erklaerung-zu-gesundheit-und-sicherheit\/","title":{"rendered":"Erkl\u00e4rung zu Gesundheit und Sicherheit"},"content":{"rendered":"<div class=\"fusion-fullwidth fullwidth-box fusion-builder-row-1 fusion-flex-container nonhundred-percent-fullwidth non-hundred-percent-height-scrolling\" style=\"--awb-border-radius-top-left:0px;--awb-border-radius-top-right:0px;--awb-border-radius-bottom-right:0px;--awb-border-radius-bottom-left:0px;--awb-padding-right:10%;--awb-padding-left:10%;--awb-flex-wrap:wrap;\" ><div class=\"fusion-builder-row fusion-row fusion-flex-align-items-flex-start fusion-flex-content-wrap\" style=\"max-width:1144px;margin-left: calc(-4% \/ 2 );margin-right: calc(-4% \/ 2 );\"><div class=\"fusion-layout-column fusion_builder_column fusion-builder-column-0 fusion_builder_column_1_1 1_1 fusion-flex-column\" style=\"--awb-bg-size:cover;--awb-width-large:100%;--awb-margin-top-large:0px;--awb-spacing-right-large:1.92%;--awb-margin-bottom-large:0px;--awb-spacing-left-large:1.92%;--awb-width-medium:100%;--awb-spacing-right-medium:1.92%;--awb-spacing-left-medium:1.92%;--awb-width-small:100%;--awb-spacing-right-small:1.92%;--awb-spacing-left-small:1.92%;\"><div class=\"fusion-column-wrapper fusion-flex-justify-content-flex-start fusion-content-layout-column\"><div class=\"fusion-text fusion-text-1\" style=\"--awb-text-transform:none;\"><h3>Erkl\u00e4rung zu Gesundheit und Sicherheit<\/h3>\n<p>Die folgende Erkl\u00e4rung zur Gesundheit und Sicherheit am Arbeitsplatz wird gem\u00e4\u00df Abschnitt a (3) des Health, Safety &amp; Welfare at Work Act 1974 herausgegeben und dient der Information aller Mitarbeiter.<\/p>\n<ol>\n<li>Ritelite Systems Ltd erkennt und akzeptiert seine Verantwortung als Arbeitgeber f\u00fcr die Bereitstellung eines sicheren und gesunden Umfelds f\u00fcr alle seine Mitarbeiter und die Durchf\u00fchrung seines Unternehmens ohne Risiko f\u00fcr die Gesundheit und Sicherheit anderer.<\/li>\n<li>Ritelite Systems Ltd. wird seiner Verantwortung im Rahmen des oben genannten Gesetzes nachkommen und dabei besonders darauf achten, Folgendes zu gew\u00e4hrleisten:\n<ul>\n<li>Ausreichende Information, Unterweisung, Schulung und Beaufsichtigung, um alle Mitarbeiter in die Lage zu versetzen, Gefahren zu vermeiden und einen positiven Beitrag zu ihrer eigenen Sicherheit und Gesundheit bei der Arbeit zu leisten.<\/li>\n<li>Ein gesundes und sicheres Arbeitsumfeld.<\/li>\n<li>Angemessene Sicherheitseinrichtungen.<\/li>\n<li>Regelm\u00e4\u00dfige Risikobewertungen zur Beurteilung potenzieller Gefahren und Gef\u00e4hrdungen der Mitarbeiter.<\/li>\n<li>Regelm\u00e4\u00dfige COSHH-Bewertungen (Kontrolle von Gefahrstoffen).<\/li>\n<li>Regelm\u00e4\u00dfige Beurteilungen der Bildschirmger\u00e4te.<\/li>\n<li>Wartung der gesamten Ausr\u00fcstung, um Unf\u00e4lle oder Verletzungen der Mitarbeiter am Arbeitsplatz zu vermeiden.<\/li>\n<\/ul>\n<\/li>\n<li>Ritelite Systems Ltd. ist verantwortlich f\u00fcr die Gesundheit und Sicherheit aller Mitarbeiter und aller anderen Personen, die von Ritelite&#8217;s Unternehmen betroffen sein k\u00f6nnten, und stellt sicher, dass zufriedenstellende Vorkehrungen in \u00dcbereinstimmung mit der geltenden Gesetzgebung getroffen werden.<\/li>\n<li>Ritelite Systems Ltd. erwartet von allen Mitarbeitern, dass sie verstehen, dass die Verantwortung f\u00fcr Gesundheit und Sicherheit nicht geringer ist als die f\u00fcr jede andere Funktion und dass sie entsprechend reagieren, indem sie:\n<ul>\n<li>Verantwortungsbewusst f\u00fcr die Gesundheit und Sicherheit von sich selbst und anderen zu sorgen und mit Ritelite zusammenzuarbeiten, damit das Unternehmen seine eigene Verantwortung erfolgreich wahrnehmen kann.<\/li>\n<\/ul>\n<\/li>\n<li>Diese Erkl\u00e4rung wird j\u00e4hrlich oder bei Bedarf \u00fcberpr\u00fcft und \u00fcberarbeitet, und alle \u00c4nderungen werden allen Mitarbeitern zur Kenntnis gebracht.<\/li>\n<\/ol>\n<p>Unterzeichnet:<\/p>\n<p>Marcus Batty<br \/>\nManaging Director<\/p>\n<p>Date: 21\/06\/2024<\/p>\n<\/div><\/div><\/div><\/div><\/div>\n","protected":false},"excerpt":{"rendered":"","protected":false},"author":18,"featured_media":0,"parent":0,"menu_order":0,"comment_status":"closed","ping_status":"closed","template":"100-width.php","meta":{"footnotes":""},"class_list":["post-43188","page","type-page","status-publish","hentry"],"yoast_head":"<!-- This site is optimized with the Yoast SEO plugin v27.4 - https:\/\/yoast.com\/product\/yoast-seo-wordpress\/ -->\n<title>Erkl\u00e4rung zu Gesundheit und Sicherheit - Ritelite Portable Lighting<\/title>\n<meta name=\"description\" content=\"Gesundheits- und Sicherheitserkl\u00e4rung f\u00fcr tragbare Ritelite-Beleuchtung\" \/>\n<meta name=\"robots\" content=\"index, follow, max-snippet:-1, max-image-preview:large, max-video-preview:-1\" \/>\n<link rel=\"canonical\" href=\"https:\/\/riteliteportablelighting.co.uk\/de\/erklaerung-zu-gesundheit-und-sicherheit\/\" \/>\n<meta property=\"og:locale\" content=\"de_DE\" \/>\n<meta property=\"og:type\" content=\"article\" \/>\n<meta property=\"og:title\" content=\"Erkl\u00e4rung zu Gesundheit und Sicherheit - Ritelite Portable Lighting\" \/>\n<meta property=\"og:description\" content=\"Gesundheits- und Sicherheitserkl\u00e4rung f\u00fcr tragbare Ritelite-Beleuchtung\" \/>\n<meta property=\"og:url\" content=\"https:\/\/riteliteportablelighting.co.uk\/de\/erklaerung-zu-gesundheit-und-sicherheit\/\" \/>\n<meta property=\"og:site_name\" content=\"Ritelite Portable Lighting\" \/>\n<meta property=\"article:publisher\" content=\"https:\/\/www.facebook.com\/ritelitesystems\/\" \/>\n<meta property=\"article:modified_time\" content=\"2026-03-02T10:56:59+00:00\" \/>\n<meta property=\"og:image\" content=\"https:\/\/riteliteportablelighting.co.uk\/wp-content\/uploads\/2019\/04\/RPL-Logo-Black-300px.png\" \/>\n\t<meta property=\"og:image:width\" content=\"300\" \/>\n\t<meta property=\"og:image:height\" content=\"76\" \/>\n\t<meta property=\"og:image:type\" content=\"image\/png\" \/>\n<meta name=\"twitter:card\" content=\"summary_large_image\" \/>\n<meta name=\"twitter:site\" content=\"@Ritelitesystems\" \/>\n<meta name=\"twitter:label1\" content=\"Gesch\u00e4tzte Lesezeit\" \/>\n\t<meta name=\"twitter:data1\" content=\"4\u00a0Minute\" \/>\n<script type=\"application\/ld+json\" class=\"yoast-schema-graph\">{\"@context\":\"https:\\\/\\\/schema.org\",\"@graph\":[{\"@type\":\"WebPage\",\"@id\":\"https:\\\/\\\/riteliteportablelighting.co.uk\\\/de\\\/erklaerung-zu-gesundheit-und-sicherheit\\\/\",\"url\":\"https:\\\/\\\/riteliteportablelighting.co.uk\\\/de\\\/erklaerung-zu-gesundheit-und-sicherheit\\\/\",\"name\":\"Erkl\u00e4rung zu Gesundheit und Sicherheit - Ritelite Portable Lighting\",\"isPartOf\":{\"@id\":\"https:\\\/\\\/riteliteportablelighting.co.uk\\\/de\\\/#website\"},\"datePublished\":\"2021-11-08T13:56:54+00:00\",\"dateModified\":\"2026-03-02T10:56:59+00:00\",\"description\":\"Gesundheits- und Sicherheitserkl\u00e4rung f\u00fcr tragbare Ritelite-Beleuchtung\",\"breadcrumb\":{\"@id\":\"https:\\\/\\\/riteliteportablelighting.co.uk\\\/de\\\/erklaerung-zu-gesundheit-und-sicherheit\\\/#breadcrumb\"},\"inLanguage\":\"de\",\"potentialAction\":[{\"@type\":\"ReadAction\",\"target\":[\"https:\\\/\\\/riteliteportablelighting.co.uk\\\/de\\\/erklaerung-zu-gesundheit-und-sicherheit\\\/\"]}]},{\"@type\":\"BreadcrumbList\",\"@id\":\"https:\\\/\\\/riteliteportablelighting.co.uk\\\/de\\\/erklaerung-zu-gesundheit-und-sicherheit\\\/#breadcrumb\",\"itemListElement\":[{\"@type\":\"ListItem\",\"position\":1,\"name\":\"Home\",\"item\":\"https:\\\/\\\/riteliteportablelighting.co.uk\\\/de\\\/\"},{\"@type\":\"ListItem\",\"position\":2,\"name\":\"Erkl\u00e4rung zu Gesundheit und Sicherheit\"}]},{\"@type\":\"WebSite\",\"@id\":\"https:\\\/\\\/riteliteportablelighting.co.uk\\\/de\\\/#website\",\"url\":\"https:\\\/\\\/riteliteportablelighting.co.uk\\\/de\\\/\",\"name\":\"Ritelite Portable Lighting\",\"description\":\"\",\"publisher\":{\"@id\":\"https:\\\/\\\/riteliteportablelighting.co.uk\\\/de\\\/#organization\"},\"potentialAction\":[{\"@type\":\"SearchAction\",\"target\":{\"@type\":\"EntryPoint\",\"urlTemplate\":\"https:\\\/\\\/riteliteportablelighting.co.uk\\\/de\\\/?s={search_term_string}\"},\"query-input\":{\"@type\":\"PropertyValueSpecification\",\"valueRequired\":true,\"valueName\":\"search_term_string\"}}],\"inLanguage\":\"de\"},{\"@type\":\"Organization\",\"@id\":\"https:\\\/\\\/riteliteportablelighting.co.uk\\\/de\\\/#organization\",\"name\":\"Ritelite Portable Lighting\",\"url\":\"https:\\\/\\\/riteliteportablelighting.co.uk\\\/de\\\/\",\"logo\":{\"@type\":\"ImageObject\",\"inLanguage\":\"de\",\"@id\":\"https:\\\/\\\/riteliteportablelighting.co.uk\\\/de\\\/#\\\/schema\\\/logo\\\/image\\\/\",\"url\":\"https:\\\/\\\/riteliteportablelighting.co.uk\\\/wp-content\\\/uploads\\\/2019\\\/04\\\/RPL-Logo-Black-400px.png\",\"contentUrl\":\"https:\\\/\\\/riteliteportablelighting.co.uk\\\/wp-content\\\/uploads\\\/2019\\\/04\\\/RPL-Logo-Black-400px.png\",\"width\":400,\"height\":101,\"caption\":\"Ritelite Portable Lighting\"},\"image\":{\"@id\":\"https:\\\/\\\/riteliteportablelighting.co.uk\\\/de\\\/#\\\/schema\\\/logo\\\/image\\\/\"},\"sameAs\":[\"https:\\\/\\\/www.facebook.com\\\/ritelitesystems\\\/\",\"https:\\\/\\\/x.com\\\/Ritelitesystems\",\"https:\\\/\\\/www.youtube.com\\\/user\\\/RiteliteSystems\"]}]}<\/script>\n<!-- \/ Yoast SEO plugin. -->","yoast_head_json":{"title":"Erkl\u00e4rung zu Gesundheit und Sicherheit - Ritelite Portable Lighting","description":"Gesundheits- und Sicherheitserkl\u00e4rung f\u00fcr tragbare Ritelite-Beleuchtung","robots":{"index":"index","follow":"follow","max-snippet":"max-snippet:-1","max-image-preview":"max-image-preview:large","max-video-preview":"max-video-preview:-1"},"canonical":"https:\/\/riteliteportablelighting.co.uk\/de\/erklaerung-zu-gesundheit-und-sicherheit\/","og_locale":"de_DE","og_type":"article","og_title":"Erkl\u00e4rung zu Gesundheit und Sicherheit - Ritelite Portable Lighting","og_description":"Gesundheits- und Sicherheitserkl\u00e4rung f\u00fcr tragbare Ritelite-Beleuchtung","og_url":"https:\/\/riteliteportablelighting.co.uk\/de\/erklaerung-zu-gesundheit-und-sicherheit\/","og_site_name":"Ritelite Portable Lighting","article_publisher":"https:\/\/www.facebook.com\/ritelitesystems\/","article_modified_time":"2026-03-02T10:56:59+00:00","og_image":[{"width":300,"height":76,"url":"https:\/\/riteliteportablelighting.co.uk\/wp-content\/uploads\/2019\/04\/RPL-Logo-Black-300px.png","type":"image\/png"}],"twitter_card":"summary_large_image","twitter_site":"@Ritelitesystems","twitter_misc":{"Gesch\u00e4tzte Lesezeit":"4\u00a0Minute"},"schema":{"@context":"https:\/\/schema.org","@graph":[{"@type":"WebPage","@id":"https:\/\/riteliteportablelighting.co.uk\/de\/erklaerung-zu-gesundheit-und-sicherheit\/","url":"https:\/\/riteliteportablelighting.co.uk\/de\/erklaerung-zu-gesundheit-und-sicherheit\/","name":"Erkl\u00e4rung zu Gesundheit und Sicherheit - Ritelite Portable Lighting","isPartOf":{"@id":"https:\/\/riteliteportablelighting.co.uk\/de\/#website"},"datePublished":"2021-11-08T13:56:54+00:00","dateModified":"2026-03-02T10:56:59+00:00","description":"Gesundheits- und Sicherheitserkl\u00e4rung f\u00fcr tragbare Ritelite-Beleuchtung","breadcrumb":{"@id":"https:\/\/riteliteportablelighting.co.uk\/de\/erklaerung-zu-gesundheit-und-sicherheit\/#breadcrumb"},"inLanguage":"de","potentialAction":[{"@type":"ReadAction","target":["https:\/\/riteliteportablelighting.co.uk\/de\/erklaerung-zu-gesundheit-und-sicherheit\/"]}]},{"@type":"BreadcrumbList","@id":"https:\/\/riteliteportablelighting.co.uk\/de\/erklaerung-zu-gesundheit-und-sicherheit\/#breadcrumb","itemListElement":[{"@type":"ListItem","position":1,"name":"Home","item":"https:\/\/riteliteportablelighting.co.uk\/de\/"},{"@type":"ListItem","position":2,"name":"Erkl\u00e4rung zu Gesundheit und Sicherheit"}]},{"@type":"WebSite","@id":"https:\/\/riteliteportablelighting.co.uk\/de\/#website","url":"https:\/\/riteliteportablelighting.co.uk\/de\/","name":"Ritelite Portable Lighting","description":"","publisher":{"@id":"https:\/\/riteliteportablelighting.co.uk\/de\/#organization"},"potentialAction":[{"@type":"SearchAction","target":{"@type":"EntryPoint","urlTemplate":"https:\/\/riteliteportablelighting.co.uk\/de\/?s={search_term_string}"},"query-input":{"@type":"PropertyValueSpecification","valueRequired":true,"valueName":"search_term_string"}}],"inLanguage":"de"},{"@type":"Organization","@id":"https:\/\/riteliteportablelighting.co.uk\/de\/#organization","name":"Ritelite Portable Lighting","url":"https:\/\/riteliteportablelighting.co.uk\/de\/","logo":{"@type":"ImageObject","inLanguage":"de","@id":"https:\/\/riteliteportablelighting.co.uk\/de\/#\/schema\/logo\/image\/","url":"https:\/\/riteliteportablelighting.co.uk\/wp-content\/uploads\/2019\/04\/RPL-Logo-Black-400px.png","contentUrl":"https:\/\/riteliteportablelighting.co.uk\/wp-content\/uploads\/2019\/04\/RPL-Logo-Black-400px.png","width":400,"height":101,"caption":"Ritelite Portable Lighting"},"image":{"@id":"https:\/\/riteliteportablelighting.co.uk\/de\/#\/schema\/logo\/image\/"},"sameAs":["https:\/\/www.facebook.com\/ritelitesystems\/","https:\/\/x.com\/Ritelitesystems","https:\/\/www.youtube.com\/user\/RiteliteSystems"]}]}},"_links":{"self":[{"href":"https:\/\/riteliteportablelighting.co.uk\/de\/wp-json\/wp\/v2\/pages\/43188","targetHints":{"allow":["GET"]}}],"collection":[{"href":"https:\/\/riteliteportablelighting.co.uk\/de\/wp-json\/wp\/v2\/pages"}],"about":[{"href":"https:\/\/riteliteportablelighting.co.uk\/de\/wp-json\/wp\/v2\/types\/page"}],"author":[{"embeddable":true,"href":"https:\/\/riteliteportablelighting.co.uk\/de\/wp-json\/wp\/v2\/users\/18"}],"replies":[{"embeddable":true,"href":"https:\/\/riteliteportablelighting.co.uk\/de\/wp-json\/wp\/v2\/comments?post=43188"}],"version-history":[{"count":1,"href":"https:\/\/riteliteportablelighting.co.uk\/de\/wp-json\/wp\/v2\/pages\/43188\/revisions"}],"predecessor-version":[{"id":175083,"href":"https:\/\/riteliteportablelighting.co.uk\/de\/wp-json\/wp\/v2\/pages\/43188\/revisions\/175083"}],"wp:attachment":[{"href":"https:\/\/riteliteportablelighting.co.uk\/de\/wp-json\/wp\/v2\/media?parent=43188"}],"curies":[{"name":"wp","href":"https:\/\/api.w.org\/{rel}","templated":true}]}}